{"id":788,"date":"2022-05-08T17:27:20","date_gmt":"2022-05-08T17:27:20","guid":{"rendered":"http:\/\/kristinaveit.com\/?page_id=788"},"modified":"2022-07-04T11:24:27","modified_gmt":"2022-07-04T11:24:27","slug":"wisdom-of-no-escape","status":"publish","type":"page","link":"https:\/\/kristinaveit.com\/de\/wisdom-of-no-escape\/","title":{"rendered":"Wisdom of No Escape"},"content":{"rendered":"<div data-elementor-type=\"wp-page\" data-elementor-id=\"788\" class=\"elementor elementor-788\">\n\t\t\t\t\t\t<section class=\"elementor-section elementor-top-section elementor-element elementor-element-b996fc2 elementor-section-height-min-height elementor-section-items-top elementor-section-boxed elementor-section-height-default\" data-id=\"b996fc2\" data-element_type=\"section\" data-e-type=\"section\">\n\t\t\t\t\t\t<div class=\"elementor-container elementor-column-gap-default\">\n\t\t\t\t\t<div class=\"elementor-column elementor-col-100 elementor-top-column elementor-element elementor-element-52a03af\" data-id=\"52a03af\" data-element_type=\"column\" data-e-type=\"column\" data-settings=\"{&quot;background_background&quot;:&quot;classic&quot;}\">\n\t\t\t<div class=\"elementor-widget-wrap elementor-element-populated\">\n\t\t\t\t\t\t<div class=\"elementor-element elementor-element-703c1b3 elementor-widget elementor-widget-heading\" data-id=\"703c1b3\" data-element_type=\"widget\" data-e-type=\"widget\" data-widget_type=\"heading.default\">\n\t\t\t\t<div class=\"elementor-widget-container\">\n\t\t\t\t\t<h2 class=\"elementor-heading-title elementor-size-default\">Wisdom of No Escape <\/h2>\t\t\t\t<\/div>\n\t\t\t\t<\/div>\n\t\t\t\t<section class=\"elementor-section elementor-inner-section elementor-element elementor-element-32fe731 elementor-section-boxed elementor-section-height-default elementor-section-height-default\" data-id=\"32fe731\" data-element_type=\"section\" data-e-type=\"section\">\n\t\t\t\t\t\t<div class=\"elementor-container elementor-column-gap-default\">\n\t\t\t\t\t<div class=\"elementor-column elementor-col-50 elementor-inner-column elementor-element elementor-element-b2d86cd\" data-id=\"b2d86cd\" data-element_type=\"column\" data-e-type=\"column\">\n\t\t\t<div class=\"elementor-widget-wrap elementor-element-populated\">\n\t\t\t\t\t\t<div class=\"elementor-element elementor-element-dcea10b elementor-widget elementor-widget-text-editor\" data-id=\"dcea10b\" data-element_type=\"widget\" data-e-type=\"widget\" data-widget_type=\"text-editor.default\">\n\t\t\t\t<div class=\"elementor-widget-container\">\n\t\t\t\t\t\t\t\t\t<p>Obwohl wir immer schon verloren sind, treibt uns etwas an, den Raum des Unbekannten jeden Tag aufs Neue zu betreten, den Raum der Unkenntnis, des Nichts. Wie werden wir damit fertig? Die liebevolle Bewunderung seinen Mitmenschen gegen\u00fcber, die in diesen Gedanken mitschwingt, w\u00fcrde nicht vom Frankfurter Choreografen und T\u00e4nzer Antony Rizzi stammen, h\u00e4tte er nicht zugleich das dringend Bed\u00fcrfnis, uns allen das Gehirn zu waschen: \u201eIn dieser unbekannten Welt finden wir Trost in den bewegten Bildern auf all den Screens, Bildschirmen und Leinw\u00e4nden um uns herum. Hier sind wir voller Anteilnahme. Wenn jemand auf der Stra\u00dfe Hilfe ben\u00f6tigt, k\u00f6nnen wir kaum hinsehen. Es ist uns fremd aufs wahre Leben zu schauen. Es br\u00e4uchte Untertitel, das wahre Leben.\u201c In missionarisch-schamanistischer Hemmungslosigkeit wird Antony Rizzi und sein achtk\u00f6pfiges Ensemble gemeinsam mit dem Publikum die Leinw\u00e4nde und Bildschirme durchbrechen und (unsere) Geister beschw\u00f6ren \u2013 auf dass sie uns in die Lage versetzen, alle R\u00e4ume der Wirklichkeit zu durchdringen.<\/p><p>\u00a0<\/p><p><strong>Konzept, Chroereografie, B\u00fchenebild, Regie: <\/strong>Antony Rizzi\u00a0 <br \/><strong>Mit:<\/strong> Douglas Bateman, Sabina Perry, Kristina Veit, Irene Klein, Eric Lenke, Antony Rizzi, Inma Rubio Tomas, Yari Stilo * Piano: Martin Blahuta <br \/><br \/><\/p><p>Eine <a href=\"https:\/\/www.mousonturm.de\/en\/events\/the-wisdom-of-no-escape-keine-angst-es-gibt-untertitel\/\" target=\"_blank\" rel=\"noopener\"><strong>Mousonturm-Koproduktion.<\/strong><\/a>&nbsp;Gef\u00f6rdert vom Fonds Darstellende K\u00fcnste e.V. (Berlin), The Forsythe Company, Kulturamt Frankfurt am Main.<\/p>\t\t\t\t\t\t\t\t<\/div>\n\t\t\t\t<\/div>\n\t\t\t\t\t<\/div>\n\t\t<\/div>\n\t\t\t\t<div class=\"elementor-column elementor-col-50 elementor-inner-column elementor-element elementor-element-493ed79\" data-id=\"493ed79\" data-element_type=\"column\" data-e-type=\"column\">\n\t\t\t<div class=\"elementor-widget-wrap elementor-element-populated\">\n\t\t\t\t\t\t<div class=\"elementor-element elementor-element-10003d3 elementor-arrows-position-inside elementor-widget elementor-widget-image-carousel\" data-id=\"10003d3\" data-element_type=\"widget\" data-e-type=\"widget\" data-settings=\"{&quot;slides_to_show&quot;:&quot;1&quot;,&quot;navigation&quot;:&quot;arrows&quot;,&quot;autoplay&quot;:&quot;yes&quot;,&quot;pause_on_hover&quot;:&quot;yes&quot;,&quot;pause_on_interaction&quot;:&quot;yes&quot;,&quot;autoplay_speed&quot;:5000,&quot;infinite&quot;:&quot;yes&quot;,&quot;effect&quot;:&quot;slide&quot;,&quot;speed&quot;:500}\" data-widget_type=\"image-carousel.default\">\n\t\t\t\t<div class=\"elementor-widget-container\">\n\t\t\t\t\t\t\t<div class=\"elementor-image-carousel-wrapper swiper\" role=\"region\" aria-roledescription=\"carousel\" aria-label=\"Image Carousel\" dir=\"ltr\">\n\t\t\t<div class=\"elementor-image-carousel swiper-wrapper swiper-image-stretch\" aria-live=\"off\">\n\t\t\t\t\t\t\t\t<div class=\"swiper-slide\" role=\"group\" aria-roledescription=\"slide\" aria-label=\"1 of 7\"><a data-elementor-open-lightbox=\"yes\" data-elementor-lightbox-slideshow=\"10003d3\" data-e-action-hash=\"#elementor-action%3Aaction%3Dlightbox%26settings%3DeyJpZCI6NzkxLCJ1cmwiOiJodHRwczpcL1wva3Jpc3RpbmF2ZWl0LmNvbVwvd3AtY29udGVudFwvdXBsb2Fkc1wvMjAyMlwvMDVcLzAwX1dpc2RvbWUtb2Ytbm8tZXNjYXBlX2NfR3VudGhlci1LcmFtbWVyLTFhLTEuanBnIiwic2xpZGVzaG93IjoiMTAwMDNkMyJ9\" href=\"https:\/\/kristinaveit.com\/wp-content\/uploads\/2022\/05\/00_Wisdome-of-no-escape_c_Gunther-Krammer-1a-1.jpg\"><figure class=\"swiper-slide-inner\"><img decoding=\"async\" class=\"swiper-slide-image\" src=\"https:\/\/kristinaveit.com\/wp-content\/uploads\/elementor\/thumbs\/00_Wisdome-of-no-escape_c_Gunther-Krammer-1a-1-poiuzwssdaz7r1py02r4asdit7e6kpfziu87dgx7k8.jpg\" alt=\"\u00a9G\u00fcnther Kr\u00e4mmer\" \/><\/figure><\/a><\/div><div class=\"swiper-slide\" role=\"group\" aria-roledescription=\"slide\" aria-label=\"2 of 7\"><a data-elementor-open-lightbox=\"yes\" data-elementor-lightbox-slideshow=\"10003d3\" data-e-action-hash=\"#elementor-action%3Aaction%3Dlightbox%26settings%3DeyJpZCI6NzkyLCJ1cmwiOiJodHRwczpcL1wva3Jpc3RpbmF2ZWl0LmNvbVwvd3AtY29udGVudFwvdXBsb2Fkc1wvMjAyMlwvMDVcLzJfV2lzZG9tZS1vZi1uby1lc2NhcGVfY19HdW50aGVyLUtyYW1tZXItMi5qcGciLCJzbGlkZXNob3ciOiIxMDAwM2QzIn0%3D\" href=\"https:\/\/kristinaveit.com\/wp-content\/uploads\/2022\/05\/2_Wisdome-of-no-escape_c_Gunther-Krammer-2.jpg\"><figure class=\"swiper-slide-inner\"><img decoding=\"async\" class=\"swiper-slide-image\" src=\"https:\/\/kristinaveit.com\/wp-content\/uploads\/elementor\/thumbs\/2_Wisdome-of-no-escape_c_Gunther-Krammer-2-poiuzxqmk50i2nokul5qva4zel9jsejpuyvouqvte0.jpg\" alt=\"\u00a9G\u00fcnther Kr\u00e4mmer\" \/><\/figure><\/a><\/div><div class=\"swiper-slide\" role=\"group\" aria-roledescription=\"slide\" aria-label=\"3 of 7\"><a data-elementor-open-lightbox=\"yes\" data-elementor-lightbox-slideshow=\"10003d3\" data-e-action-hash=\"#elementor-action%3Aaction%3Dlightbox%26settings%3DeyJpZCI6NzkzLCJ1cmwiOiJodHRwczpcL1wva3Jpc3RpbmF2ZWl0LmNvbVwvd3AtY29udGVudFwvdXBsb2Fkc1wvMjAyMlwvMDVcLzNfV2lzZG9tZS1vZi1uby1lc2NhcGVfY19HdW50aGVyLUtyYW1tZXItNC5qcGciLCJzbGlkZXNob3ciOiIxMDAwM2QzIn0%3D\" href=\"https:\/\/kristinaveit.com\/wp-content\/uploads\/2022\/05\/3_Wisdome-of-no-escape_c_Gunther-Krammer-4.jpg\"><figure class=\"swiper-slide-inner\"><img decoding=\"async\" class=\"swiper-slide-image\" src=\"https:\/\/kristinaveit.com\/wp-content\/uploads\/elementor\/thumbs\/3_Wisdome-of-no-escape_c_Gunther-Krammer-4-poiuzyogqz1se9n7p3kdfrwfzz4x03ng73j6c0uf7s.jpg\" alt=\"\u00a9G\u00fcnther Kr\u00e4mmer\" \/><\/figure><\/a><\/div><div class=\"swiper-slide\" role=\"group\" aria-roledescription=\"slide\" aria-label=\"4 of 7\"><a data-elementor-open-lightbox=\"yes\" data-elementor-lightbox-slideshow=\"10003d3\" data-e-action-hash=\"#elementor-action%3Aaction%3Dlightbox%26settings%3DeyJpZCI6Nzk0LCJ1cmwiOiJodHRwczpcL1wva3Jpc3RpbmF2ZWl0LmNvbVwvd3AtY29udGVudFwvdXBsb2Fkc1wvMjAyMlwvMDVcLzRfV2lzZG9tZS1vZi1uby1lc2NhcGVfY19HdW50aGVyLUtyYW1tZXItNS5qcGciLCJzbGlkZXNob3ciOiIxMDAwM2QzIn0%3D\" href=\"https:\/\/kristinaveit.com\/wp-content\/uploads\/2022\/05\/4_Wisdome-of-no-escape_c_Gunther-Krammer-5.jpg\"><figure class=\"swiper-slide-inner\"><img decoding=\"async\" class=\"swiper-slide-image\" src=\"https:\/\/kristinaveit.com\/wp-content\/uploads\/elementor\/thumbs\/4_Wisdome-of-no-escape_c_Gunther-Krammer-5-poiuzyogqz1se9n7p3kdfrwfzz4x03ng73j6c0uf7s.jpg\" alt=\"\u00a9G\u00fcnther Kr\u00e4mmer\" \/><\/figure><\/a><\/div><div class=\"swiper-slide\" role=\"group\" aria-roledescription=\"slide\" aria-label=\"5 of 7\"><a data-elementor-open-lightbox=\"yes\" data-elementor-lightbox-slideshow=\"10003d3\" data-e-action-hash=\"#elementor-action%3Aaction%3Dlightbox%26settings%3DeyJpZCI6Nzk1LCJ1cmwiOiJodHRwczpcL1wva3Jpc3RpbmF2ZWl0LmNvbVwvd3AtY29udGVudFwvdXBsb2Fkc1wvMjAyMlwvMDVcLzVfV2lzZG9tZS1vZi1uby1lc2NhcGVfY19HdW50aGVyLUtyYW1tZXItNi5qcGciLCJzbGlkZXNob3ciOiIxMDAwM2QzIn0%3D\" href=\"https:\/\/kristinaveit.com\/wp-content\/uploads\/2022\/05\/5_Wisdome-of-no-escape_c_Gunther-Krammer-6.jpg\"><figure class=\"swiper-slide-inner\"><img decoding=\"async\" class=\"swiper-slide-image\" src=\"https:\/\/kristinaveit.com\/wp-content\/uploads\/elementor\/thumbs\/5_Wisdome-of-no-escape_c_Gunther-Krammer-6-poiuzzmaxt32pvlujlz009nwld0a7sr6j86ntat11k.jpg\" alt=\"\u00a9G\u00fcnther Kr\u00e4mmer\" \/><\/figure><\/a><\/div><div class=\"swiper-slide\" role=\"group\" aria-roledescription=\"slide\" aria-label=\"6 of 7\"><a data-elementor-open-lightbox=\"yes\" data-elementor-lightbox-slideshow=\"10003d3\" data-e-action-hash=\"#elementor-action%3Aaction%3Dlightbox%26settings%3DeyJpZCI6Nzk2LCJ1cmwiOiJodHRwczpcL1wva3Jpc3RpbmF2ZWl0LmNvbVwvd3AtY29udGVudFwvdXBsb2Fkc1wvMjAyMlwvMDVcLzZfV2lzZG9tZS1vZi1uby1lc2NhcGVfY19HdW50aGVyLUtyYW1tZXItNy5qcGciLCJzbGlkZXNob3ciOiIxMDAwM2QzIn0%3D\" href=\"https:\/\/kristinaveit.com\/wp-content\/uploads\/2022\/05\/6_Wisdome-of-no-escape_c_Gunther-Krammer-7.jpg\"><figure class=\"swiper-slide-inner\"><img decoding=\"async\" class=\"swiper-slide-image\" src=\"https:\/\/kristinaveit.com\/wp-content\/uploads\/elementor\/thumbs\/6_Wisdome-of-no-escape_c_Gunther-Krammer-7-poiv00k54n4d1hkhe4dmkrfd6qvnfhuwvcu5akrmvc.jpg\" alt=\"\u00a9G\u00fcnther Kr\u00e4mmer\" \/><\/figure><\/a><\/div><div class=\"swiper-slide\" role=\"group\" aria-roledescription=\"slide\" aria-label=\"7 of 7\"><a data-elementor-open-lightbox=\"yes\" data-elementor-lightbox-slideshow=\"10003d3\" data-e-action-hash=\"#elementor-action%3Aaction%3Dlightbox%26settings%3DeyJpZCI6NzkwLCJ1cmwiOiJodHRwczpcL1wva3Jpc3RpbmF2ZWl0LmNvbVwvd3AtY29udGVudFwvdXBsb2Fkc1wvMjAyMlwvMDVcLzdfV2lzZG9tZS1vZi1uby1lc2NhcGVfY19HdW50aGVyLUtyYW1tZXItOC5qcGciLCJzbGlkZXNob3ciOiIxMDAwM2QzIn0%3D\" href=\"https:\/\/kristinaveit.com\/wp-content\/uploads\/2022\/05\/7_Wisdome-of-no-escape_c_Gunther-Krammer-8.jpg\"><figure class=\"swiper-slide-inner\"><img decoding=\"async\" class=\"swiper-slide-image\" src=\"https:\/\/kristinaveit.com\/wp-content\/uploads\/elementor\/thumbs\/7_Wisdome-of-no-escape_c_Gunther-Krammer-8-poiuzwssdaz7r1py02r4asdit7e6kpfziu87dgx7k8.jpg\" alt=\"\u00a9G\u00fcnther Kr\u00e4mmer\" \/><\/figure><\/a><\/div>\t\t\t<\/div>\n\t\t\t\t\t\t\t\t\t\t\t\t<div class=\"elementor-swiper-button elementor-swiper-button-prev\" role=\"button\" tabindex=\"0\">\n\t\t\t\t\t\t<i aria-hidden=\"true\" class=\"eicon-chevron-left\"><\/i>\t\t\t\t\t<\/div>\n\t\t\t\t\t<div class=\"elementor-swiper-button elementor-swiper-button-next\" role=\"button\" tabindex=\"0\">\n\t\t\t\t\t\t<i aria-hidden=\"true\" class=\"eicon-chevron-right\"><\/i>\t\t\t\t\t<\/div>\n\t\t\t\t\n\t\t\t\t\t\t\t\t\t<\/div>\n\t\t\t\t\t\t<\/div>\n\t\t\t\t<\/div>\n\t\t\t\t\t<\/div>\n\t\t<\/div>\n\t\t\t\t\t<\/div>\n\t\t<\/section>\n\t\t\t\t\t<\/div>\n\t\t<\/div>\n\t\t\t\t\t<\/div>\n\t\t<\/section>\n\t\t\t\t<\/div>","protected":false},"excerpt":{"rendered":"<p>Wisdom of No Escape Although we are always already lost, there is something that urges us to tread the paths of the unknown anew every day, the space of unconsciousness, of nothingness. How do we deal with this? That affectionate admiration of fellow men, resonating therein, would not be coming from Frankfurt choreographer and dancer [&hellip;]<\/p>","protected":false},"author":1,"featured_media":0,"parent":0,"menu_order":0,"comment_status":"closed","ping_status":"closed","template":"","meta":{"site-sidebar-layout":"no-sidebar","site-content-layout":"page-builder","ast-site-content-layout":"default","site-content-style":"default","site-sidebar-style":"default","ast-global-header-display":"","ast-banner-title-visibility":"","ast-main-header-display":"","ast-hfb-above-header-display":"","ast-hfb-below-header-display":"","ast-hfb-mobile-header-display":"","site-post-title":"disabled","ast-breadcrumbs-content":"","ast-featured-img":"disabled","footer-sml-layout":"","theme-transparent-header-meta":"","adv-header-id-meta":"","stick-header-meta":"","header-above-stick-meta":"","header-main-stick-meta":"","header-below-stick-meta":"","astra-migrate-meta-layouts":"default","ast-page-background-enabled":"default","ast-page-background-meta":{"desktop":{"background-color":"var(--ast-global-color-4)","background-image":"","background-repeat":"repeat","background-position":"center center","background-size":"auto","background-attachment":"scroll","background-type":"","background-media":"","overlay-type":"","overlay-color":"","overlay-opacity":"","overlay-gradient":""},"tablet":{"background-color":"","background-image":"","background-repeat":"repeat","background-position":"center center","background-size":"auto","background-attachment":"scroll","background-type":"","background-media":"","overlay-type":"","overlay-color":"","overlay-opacity":"","overlay-gradient":""},"mobile":{"background-color":"","background-image":"","background-repeat":"repeat","background-position":"center center","background-size":"auto","background-attachment":"scroll","background-type":"","background-media":"","overlay-type":"","overlay-color":"","overlay-opacity":"","overlay-gradient":""}},"ast-content-background-meta":{"desktop":{"background-color":"var(--ast-global-color-5)","background-image":"","background-repeat":"repeat","background-position":"center center","background-size":"auto","background-attachment":"scroll","background-type":"","background-media":"","overlay-type":"","overlay-color":"","overlay-opacity":"","overlay-gradient":""},"tablet":{"background-color":"var(--ast-global-color-5)","background-image":"","background-repeat":"repeat","background-position":"center center","background-size":"auto","background-attachment":"scroll","background-type":"","background-media":"","overlay-type":"","overlay-color":"","overlay-opacity":"","overlay-gradient":""},"mobile":{"background-color":"var(--ast-global-color-5)","background-image":"","background-repeat":"repeat","background-position":"center center","background-size":"auto","background-attachment":"scroll","background-type":"","background-media":"","overlay-type":"","overlay-color":"","overlay-opacity":"","overlay-gradient":""}},"footnotes":""},"class_list":["post-788","page","type-page","status-publish","hentry"],"aioseo_notices":[],"_links":{"self":[{"href":"https:\/\/kristinaveit.com\/de\/wp-json\/wp\/v2\/pages\/788","targetHints":{"allow":["GET"]}}],"collection":[{"href":"https:\/\/kristinaveit.com\/de\/wp-json\/wp\/v2\/pages"}],"about":[{"href":"https:\/\/kristinaveit.com\/de\/wp-json\/wp\/v2\/types\/page"}],"author":[{"embeddable":true,"href":"https:\/\/kristinaveit.com\/de\/wp-json\/wp\/v2\/users\/1"}],"replies":[{"embeddable":true,"href":"https:\/\/kristinaveit.com\/de\/wp-json\/wp\/v2\/comments?post=788"}],"version-history":[{"count":10,"href":"https:\/\/kristinaveit.com\/de\/wp-json\/wp\/v2\/pages\/788\/revisions"}],"predecessor-version":[{"id":1254,"href":"https:\/\/kristinaveit.com\/de\/wp-json\/wp\/v2\/pages\/788\/revisions\/1254"}],"wp:attachment":[{"href":"https:\/\/kristinaveit.com\/de\/wp-json\/wp\/v2\/media?parent=788"}],"curies":[{"name":"wp","href":"https:\/\/api.w.org\/{rel}","templated":true}]}}