{"id":722,"date":"2022-05-08T16:52:47","date_gmt":"2022-05-08T16:52:47","guid":{"rendered":"http:\/\/kristinaveit.com\/?page_id=722"},"modified":"2022-07-07T15:00:28","modified_gmt":"2022-07-07T15:00:28","slug":"breath","status":"publish","type":"page","link":"https:\/\/kristinaveit.com\/de\/breath\/","title":{"rendered":"BREATH"},"content":{"rendered":"<div data-elementor-type=\"wp-page\" data-elementor-id=\"722\" class=\"elementor elementor-722\">\n\t\t\t\t\t\t<section class=\"elementor-section elementor-top-section elementor-element elementor-element-b996fc2 elementor-section-height-min-height elementor-section-items-top elementor-section-boxed elementor-section-height-default\" data-id=\"b996fc2\" data-element_type=\"section\" data-e-type=\"section\">\n\t\t\t\t\t\t<div class=\"elementor-container elementor-column-gap-default\">\n\t\t\t\t\t<div class=\"elementor-column elementor-col-100 elementor-top-column elementor-element elementor-element-52a03af\" data-id=\"52a03af\" data-element_type=\"column\" data-e-type=\"column\" data-settings=\"{&quot;background_background&quot;:&quot;classic&quot;}\">\n\t\t\t<div class=\"elementor-widget-wrap elementor-element-populated\">\n\t\t\t\t\t\t<div class=\"elementor-element elementor-element-703c1b3 elementor-widget elementor-widget-heading\" data-id=\"703c1b3\" data-element_type=\"widget\" data-e-type=\"widget\" data-widget_type=\"heading.default\">\n\t\t\t\t<div class=\"elementor-widget-container\">\n\t\t\t\t\t<h2 class=\"elementor-heading-title elementor-size-default\">BREATH<\/h2>\t\t\t\t<\/div>\n\t\t\t\t<\/div>\n\t\t\t\t<section class=\"elementor-section elementor-inner-section elementor-element elementor-element-32fe731 elementor-section-boxed elementor-section-height-default elementor-section-height-default\" data-id=\"32fe731\" data-element_type=\"section\" data-e-type=\"section\">\n\t\t\t\t\t\t<div class=\"elementor-container elementor-column-gap-default\">\n\t\t\t\t\t<div class=\"elementor-column elementor-col-50 elementor-inner-column elementor-element elementor-element-b2d86cd\" data-id=\"b2d86cd\" data-element_type=\"column\" data-e-type=\"column\">\n\t\t\t<div class=\"elementor-widget-wrap elementor-element-populated\">\n\t\t\t\t\t\t<div class=\"elementor-element elementor-element-dcea10b elementor-widget elementor-widget-text-editor\" data-id=\"dcea10b\" data-element_type=\"widget\" data-e-type=\"widget\" data-widget_type=\"text-editor.default\">\n\t\t\t\t<div class=\"elementor-widget-container\">\n\t\t\t\t\t\t\t\t\t<p>Videoarbeiten ausgestellt im Museum f\u00fcr Zeitgen\u00f6ssische Kunst Shanghai, MoCa Pavillion<\/p><p>\u00a0<\/p><p>BREATH ist eine Serie von 3 Videoarbeiten, die von der deutschen Tanzk\u00fcnstlerin Kristina Veit im Rahmen der Sino-German Platform geschaffen wurden. Nach dem Austausch fr\u00fcherer Arbeiten mit dem chinesischen bildenden K\u00fcnstler Tang Dixin beabsichtigte Kristina Veit, Dixins\u2018 fr\u00fcheres Konzept der Einbettung einer B\u00fchne in eine nicht stereotype Umgebung weiter zu erforschen, was zum Beginn der Zusammenarbeit f\u00fchrte. Die drei ausgew\u00e4hlten Umgebungen regten Kristina auch an, zu einem fr\u00fcheren Thema der Arbeit, des Atems und des atmenden K\u00f6rpers zur\u00fcckzukehren, das als gemeinsame Basis zwischen den wechselnden Orten fungiert. Durch die Inszenierung des Materials in einem sauberen Studio, einer U-Bahnstation und einer Br\u00fccke \u00fcber einer Autobahn beginnen verschiedene Merkmale den Fokus zu dominieren und die Wahrnehmung der Zeit zu verschieben. Die erzeugten Kl\u00e4nge, Rhythmen und Bilder schaffen eine subtile Verbindung zu den vielleicht wesentlichen Elementen des Lebens selbst. Manchmal werden sie geh\u00f6rt, gesehen, gesch\u00e4tzt und aufgedeckt, und manchmal werden sie ged\u00e4mpft, verborgen und fast irrelevant.<\/p><p>\u00a0<\/p><p>BREATH 01 II BREATH 02 II BREATH 03<\/p><p>\u00a0<\/p><p><strong>Konzept, Performance &amp; Videoschnitt :<\/strong> Kristina Veit<br \/><strong>Gefilmt von<\/strong> Federico Canosa<br \/>Alle Rechte vorbehalten Kristina Veit.<\/p><p>\u00a0<\/p><p><strong>Live Performance:<\/strong> Tang Dixin<br \/><strong>Projektleiterin:<\/strong> Mareike Uhl<br \/><strong>Kurator:<\/strong> Wang Weiwei<\/p><p>\u00a0<\/p><p><strong>Unterst\u00fctzt durch<\/strong> Goethe Institut, Mercator Stiftung, Tanzlabor_21, MoCA Pavillion Shanghai<\/p><p>Die Sino-German-Platform ist eine Kooperation zwischen dem Tanzlabor 21 in Frankfurt am Main (Deutschland) und dem Museum of Contemporary Art Shanghai (China), die einen Austausch von K\u00fcnstlern aus den jeweiligen St\u00e4dten und Regionen erm\u00f6glicht.<\/p>\t\t\t\t\t\t\t\t<\/div>\n\t\t\t\t<\/div>\n\t\t\t\t\t<\/div>\n\t\t<\/div>\n\t\t\t\t<div class=\"elementor-column elementor-col-50 elementor-inner-column elementor-element elementor-element-493ed79\" data-id=\"493ed79\" data-element_type=\"column\" data-e-type=\"column\">\n\t\t\t<div class=\"elementor-widget-wrap elementor-element-populated\">\n\t\t\t\t\t\t<div class=\"elementor-element elementor-element-10003d3 elementor-arrows-position-inside elementor-widget elementor-widget-image-carousel\" data-id=\"10003d3\" data-element_type=\"widget\" data-e-type=\"widget\" data-settings=\"{&quot;slides_to_show&quot;:&quot;1&quot;,&quot;navigation&quot;:&quot;arrows&quot;,&quot;autoplay&quot;:&quot;yes&quot;,&quot;pause_on_hover&quot;:&quot;yes&quot;,&quot;pause_on_interaction&quot;:&quot;yes&quot;,&quot;autoplay_speed&quot;:5000,&quot;infinite&quot;:&quot;yes&quot;,&quot;effect&quot;:&quot;slide&quot;,&quot;speed&quot;:500}\" data-widget_type=\"image-carousel.default\">\n\t\t\t\t<div class=\"elementor-widget-container\">\n\t\t\t\t\t\t\t<div class=\"elementor-image-carousel-wrapper swiper\" role=\"region\" aria-roledescription=\"carousel\" aria-label=\"Image Carousel\" dir=\"ltr\">\n\t\t\t<div class=\"elementor-image-carousel swiper-wrapper swiper-image-stretch\" aria-live=\"off\">\n\t\t\t\t\t\t\t\t<div class=\"swiper-slide\" role=\"group\" aria-roledescription=\"slide\" aria-label=\"1 of 3\"><a data-elementor-open-lightbox=\"yes\" data-elementor-lightbox-slideshow=\"10003d3\" data-e-action-hash=\"#elementor-action%3Aaction%3Dlightbox%26settings%3DeyJpZCI6NzMxLCJ1cmwiOiJodHRwczpcL1wva3Jpc3RpbmF2ZWl0LmNvbVwvd3AtY29udGVudFwvdXBsb2Fkc1wvMjAyMlwvMDVcLzAwX0N5Y2xlLV9jX0t2ZWl0My0xLmpwZyIsInNsaWRlc2hvdyI6IjEwMDAzZDMifQ%3D%3D\" href=\"https:\/\/kristinaveit.com\/wp-content\/uploads\/2022\/05\/00_Cycle-_c_Kveit3-1.jpg\"><figure class=\"swiper-slide-inner\"><img decoding=\"async\" class=\"swiper-slide-image\" src=\"https:\/\/kristinaveit.com\/wp-content\/uploads\/elementor\/thumbs\/00_Cycle-_c_Kveit3-1-poitimc6wg0zix4m6jhkfqhqds216gvtv2q6vpxqbs.jpg\" alt=\"\u00a9Kristina Veit\" \/><\/figure><\/a><\/div><div class=\"swiper-slide\" role=\"group\" aria-roledescription=\"slide\" aria-label=\"2 of 3\"><a data-elementor-open-lightbox=\"yes\" data-elementor-lightbox-slideshow=\"10003d3\" data-e-action-hash=\"#elementor-action%3Aaction%3Dlightbox%26settings%3DeyJpZCI6NzMyLCJ1cmwiOiJodHRwczpcL1wva3Jpc3RpbmF2ZWl0LmNvbVwvd3AtY29udGVudFwvdXBsb2Fkc1wvMjAyMlwvMDVcLzJfQ3ljbGVfY18tV2Vpd2VpLTEuanBnIiwic2xpZGVzaG93IjoiMTAwMDNkMyJ9\" href=\"https:\/\/kristinaveit.com\/wp-content\/uploads\/2022\/05\/2_Cycle_c_-Weiwei-1.jpg\"><figure class=\"swiper-slide-inner\"><img decoding=\"async\" class=\"swiper-slide-image\" src=\"https:\/\/kristinaveit.com\/wp-content\/uploads\/elementor\/thumbs\/2_Cycle_c_-Weiwei-1-poitina13a29uj3911w70896z5xee5zk77doczwc5k.jpg\" alt=\"\u00a9Weiwei\" \/><\/figure><\/a><\/div><div class=\"swiper-slide\" role=\"group\" aria-roledescription=\"slide\" aria-label=\"3 of 3\"><a data-elementor-open-lightbox=\"yes\" data-elementor-lightbox-slideshow=\"10003d3\" data-e-action-hash=\"#elementor-action%3Aaction%3Dlightbox%26settings%3DeyJpZCI6NzMwLCJ1cmwiOiJodHRwczpcL1wva3Jpc3RpbmF2ZWl0LmNvbVwvd3AtY29udGVudFwvdXBsb2Fkc1wvMjAyMlwvMDVcLzNfQ3ljbGVfY18tV2Vpd2VpLTIuanBnIiwic2xpZGVzaG93IjoiMTAwMDNkMyJ9\" href=\"https:\/\/kristinaveit.com\/wp-content\/uploads\/2022\/05\/3_Cycle_c_-Weiwei-2.jpg\"><figure class=\"swiper-slide-inner\"><img decoding=\"async\" class=\"swiper-slide-image\" src=\"https:\/\/kristinaveit.com\/wp-content\/uploads\/elementor\/thumbs\/3_Cycle_c_-Weiwei-2-poitilecplzp7b5zc12xv8q9se6nyrs3iy2pefz4i0.jpg\" alt=\"\u00a9Weiwei\" \/><\/figure><\/a><\/div>\t\t\t<\/div>\n\t\t\t\t\t\t\t\t\t\t\t\t<div class=\"elementor-swiper-button elementor-swiper-button-prev\" role=\"button\" tabindex=\"0\">\n\t\t\t\t\t\t<i aria-hidden=\"true\" class=\"eicon-chevron-left\"><\/i>\t\t\t\t\t<\/div>\n\t\t\t\t\t<div class=\"elementor-swiper-button elementor-swiper-button-next\" role=\"button\" tabindex=\"0\">\n\t\t\t\t\t\t<i aria-hidden=\"true\" class=\"eicon-chevron-right\"><\/i>\t\t\t\t\t<\/div>\n\t\t\t\t\n\t\t\t\t\t\t\t\t\t<\/div>\n\t\t\t\t\t\t<\/div>\n\t\t\t\t<\/div>\n\t\t\t\t\t<\/div>\n\t\t<\/div>\n\t\t\t\t\t<\/div>\n\t\t<\/section>\n\t\t\t\t\t<\/div>\n\t\t<\/div>\n\t\t\t\t\t<\/div>\n\t\t<\/section>\n\t\t\t\t<\/div>","protected":false},"excerpt":{"rendered":"<p>BREATH Videoworks exhibited in Museum for Contemporary art Shanghai, MoCa Pavillion \u00a0 BREATH is a series of 3 video works created by German dance artist Kristina Veit in the framework of the Sino-German Platform. After exchanging prior works with Chinese visual artist Tang Dixin, Kristina Veit intended to further explore Dixins\u2019 previous concept of embedding [&hellip;]<\/p>","protected":false},"author":1,"featured_media":0,"parent":0,"menu_order":0,"comment_status":"closed","ping_status":"closed","template":"","meta":{"site-sidebar-layout":"no-sidebar","site-content-layout":"page-builder","ast-site-content-layout":"default","site-content-style":"default","site-sidebar-style":"default","ast-global-header-display":"","ast-banner-title-visibility":"","ast-main-header-display":"","ast-hfb-above-header-display":"","ast-hfb-below-header-display":"","ast-hfb-mobile-header-display":"","site-post-title":"disabled","ast-breadcrumbs-content":"","ast-featured-img":"disabled","footer-sml-layout":"","theme-transparent-header-meta":"","adv-header-id-meta":"","stick-header-meta":"","header-above-stick-meta":"","header-main-stick-meta":"","header-below-stick-meta":"","astra-migrate-meta-layouts":"default","ast-page-background-enabled":"default","ast-page-background-meta":{"desktop":{"background-color":"var(--ast-global-color-4)","background-image":"","background-repeat":"repeat","background-position":"center center","background-size":"auto","background-attachment":"scroll","background-type":"","background-media":"","overlay-type":"","overlay-color":"","overlay-opacity":"","overlay-gradient":""},"tablet":{"background-color":"","background-image":"","background-repeat":"repeat","background-position":"center center","background-size":"auto","background-attachment":"scroll","background-type":"","background-media":"","overlay-type":"","overlay-color":"","overlay-opacity":"","overlay-gradient":""},"mobile":{"background-color":"","background-image":"","background-repeat":"repeat","background-position":"center center","background-size":"auto","background-attachment":"scroll","background-type":"","background-media":"","overlay-type":"","overlay-color":"","overlay-opacity":"","overlay-gradient":""}},"ast-content-background-meta":{"desktop":{"background-color":"var(--ast-global-color-5)","background-image":"","background-repeat":"repeat","background-position":"center center","background-size":"auto","background-attachment":"scroll","background-type":"","background-media":"","overlay-type":"","overlay-color":"","overlay-opacity":"","overlay-gradient":""},"tablet":{"background-color":"var(--ast-global-color-5)","background-image":"","background-repeat":"repeat","background-position":"center center","background-size":"auto","background-attachment":"scroll","background-type":"","background-media":"","overlay-type":"","overlay-color":"","overlay-opacity":"","overlay-gradient":""},"mobile":{"background-color":"var(--ast-global-color-5)","background-image":"","background-repeat":"repeat","background-position":"center center","background-size":"auto","background-attachment":"scroll","background-type":"","background-media":"","overlay-type":"","overlay-color":"","overlay-opacity":"","overlay-gradient":""}},"footnotes":""},"class_list":["post-722","page","type-page","status-publish","hentry"],"aioseo_notices":[],"_links":{"self":[{"href":"https:\/\/kristinaveit.com\/de\/wp-json\/wp\/v2\/pages\/722","targetHints":{"allow":["GET"]}}],"collection":[{"href":"https:\/\/kristinaveit.com\/de\/wp-json\/wp\/v2\/pages"}],"about":[{"href":"https:\/\/kristinaveit.com\/de\/wp-json\/wp\/v2\/types\/page"}],"author":[{"embeddable":true,"href":"https:\/\/kristinaveit.com\/de\/wp-json\/wp\/v2\/users\/1"}],"replies":[{"embeddable":true,"href":"https:\/\/kristinaveit.com\/de\/wp-json\/wp\/v2\/comments?post=722"}],"version-history":[{"count":10,"href":"https:\/\/kristinaveit.com\/de\/wp-json\/wp\/v2\/pages\/722\/revisions"}],"predecessor-version":[{"id":1267,"href":"https:\/\/kristinaveit.com\/de\/wp-json\/wp\/v2\/pages\/722\/revisions\/1267"}],"wp:attachment":[{"href":"https:\/\/kristinaveit.com\/de\/wp-json\/wp\/v2\/media?parent=722"}],"curies":[{"name":"wp","href":"https:\/\/api.w.org\/{rel}","templated":true}]}}