{"id":551,"date":"2022-05-08T15:59:09","date_gmt":"2022-05-08T15:59:09","guid":{"rendered":"http:\/\/kristinaveit.com\/?page_id=551"},"modified":"2022-07-04T11:16:38","modified_gmt":"2022-07-04T11:16:38","slug":"schaflos-in-frankfurt","status":"publish","type":"page","link":"https:\/\/kristinaveit.com\/de\/schaflos-in-frankfurt\/","title":{"rendered":"Schlaflos in\u2026 Frankfurt"},"content":{"rendered":"<div data-elementor-type=\"wp-page\" data-elementor-id=\"551\" class=\"elementor elementor-551\">\n\t\t\t\t\t\t<section class=\"elementor-section elementor-top-section elementor-element elementor-element-b996fc2 elementor-section-height-min-height elementor-section-items-top elementor-section-boxed elementor-section-height-default\" data-id=\"b996fc2\" data-element_type=\"section\" data-e-type=\"section\">\n\t\t\t\t\t\t<div class=\"elementor-container elementor-column-gap-default\">\n\t\t\t\t\t<div class=\"elementor-column elementor-col-100 elementor-top-column elementor-element elementor-element-52a03af\" data-id=\"52a03af\" data-element_type=\"column\" data-e-type=\"column\" data-settings=\"{&quot;background_background&quot;:&quot;classic&quot;}\">\n\t\t\t<div class=\"elementor-widget-wrap elementor-element-populated\">\n\t\t\t\t\t\t<div class=\"elementor-element elementor-element-703c1b3 elementor-widget elementor-widget-heading\" data-id=\"703c1b3\" data-element_type=\"widget\" data-e-type=\"widget\" data-widget_type=\"heading.default\">\n\t\t\t\t<div class=\"elementor-widget-container\">\n\t\t\t\t\t<h2 class=\"elementor-heading-title elementor-size-default\">Schlaflos in\u2026 Frankfurt<\/h2>\t\t\t\t<\/div>\n\t\t\t\t<\/div>\n\t\t\t\t<section class=\"elementor-section elementor-inner-section elementor-element elementor-element-32fe731 elementor-section-boxed elementor-section-height-default elementor-section-height-default\" data-id=\"32fe731\" data-element_type=\"section\" data-e-type=\"section\">\n\t\t\t\t\t\t<div class=\"elementor-container elementor-column-gap-default\">\n\t\t\t\t\t<div class=\"elementor-column elementor-col-50 elementor-inner-column elementor-element elementor-element-b2d86cd\" data-id=\"b2d86cd\" data-element_type=\"column\" data-e-type=\"column\">\n\t\t\t<div class=\"elementor-widget-wrap elementor-element-populated\">\n\t\t\t\t\t\t<div class=\"elementor-element elementor-element-dcea10b elementor-widget elementor-widget-text-editor\" data-id=\"dcea10b\" data-element_type=\"widget\" data-e-type=\"widget\" data-widget_type=\"text-editor.default\">\n\t\t\t\t<div class=\"elementor-widget-container\">\n\t\t\t\t\t\t\t\t\t<p>Gr\u00fcnde f\u00fcr schlaflose N\u00e4chte gibt es zahlreiche: Lampenfieber, Liebeskummer, berufliche Nachtschichten, Vampirismus\u2026 Eine Partynacht, die erst in den fr\u00fchen Morgenstunden endet, eine durchredete Nacht mit einer neuen Liebe oder guten Freundinnen und Freunden, eine Sommernacht am Nordkap, in der die Sonne nicht untergeht. In ihrer Late-Night-Show l\u00e4dt Judith Altmeyer das Publikum ein, mit ihr wach zu bleiben, um den Schlaf zu feiern. Expertinnen und Experten f\u00fcr Nacht und Traum, Schlaflieder und hei\u00dfe Milch mit Honig begleiten uns bis in die fr\u00fchen Morgenstunden. Eine schlaflose Nacht ist nicht wie die andere!<\/p><p>\u00a0<\/p><p><strong>Mit:<\/strong> Judith Altmeyer (Konzept, Performance), Susanne Zaun (Konzept)<\/p><p><strong>Technische Leitung und Raummitarbeit:<\/strong> Hendrik Borowski<\/p><p><strong>Musikalische Leitung:<\/strong> Jaocb Bussmann<\/p><p><strong>Dramaturgische Mitarbeit und simply the best:<\/strong> Marion Schneider und Philipp Schulte<\/p><p><strong>G\u00e4ste:<\/strong> Thomas Bartling, Jacques G\u00f6tzmann, Volker Heinrich, irreality.TV (J\u00f6rg Thums und Lars Moritz), Lea K\u00f6nig, Christopher Krause, Laura Lauschke, Chiara Marcassa, Svenja Polonji, Cordula Poos, Ole Sander, Philipp Schulte, Bastian Sistig, Kristina Veit, Sebastian Wenzlitschke, Jodlklub (Elisabeth Gabriel und Johanna Milz).<\/p><p>\u00a0<\/p><p>Eine Koproduktion der Zaung\u00e4ste GbR mit dem <strong><a href=\"https:\/\/www.mousonturm.de\/events\/schlaflos-in-frankfurt-2\/\" target=\"_blank\" rel=\"noopener\">Mousonturm-Koproduktion.<\/a><\/strong>. Unterst\u00fctzt vom Implantieren Festival 2018 von <a href=\"https:\/\/id-frankfurt.com\/en\/id-frankfurt\/\" target=\"_blank\" rel=\"noopener\"><strong>ID_Frankfurt e.V<\/strong><\/a>.<\/p>\t\t\t\t\t\t\t\t<\/div>\n\t\t\t\t<\/div>\n\t\t\t\t\t<\/div>\n\t\t<\/div>\n\t\t\t\t<div class=\"elementor-column elementor-col-50 elementor-inner-column elementor-element elementor-element-493ed79\" data-id=\"493ed79\" data-element_type=\"column\" data-e-type=\"column\">\n\t\t\t<div class=\"elementor-widget-wrap elementor-element-populated\">\n\t\t\t\t\t\t<div class=\"elementor-element elementor-element-10003d3 elementor-arrows-position-inside elementor-widget elementor-widget-image-carousel\" data-id=\"10003d3\" data-element_type=\"widget\" data-e-type=\"widget\" data-settings=\"{&quot;slides_to_show&quot;:&quot;1&quot;,&quot;navigation&quot;:&quot;arrows&quot;,&quot;autoplay&quot;:&quot;yes&quot;,&quot;pause_on_hover&quot;:&quot;yes&quot;,&quot;pause_on_interaction&quot;:&quot;yes&quot;,&quot;autoplay_speed&quot;:5000,&quot;infinite&quot;:&quot;yes&quot;,&quot;effect&quot;:&quot;slide&quot;,&quot;speed&quot;:500}\" data-widget_type=\"image-carousel.default\">\n\t\t\t\t<div class=\"elementor-widget-container\">\n\t\t\t\t\t\t\t<div class=\"elementor-image-carousel-wrapper swiper\" role=\"region\" aria-roledescription=\"carousel\" aria-label=\"Image Carousel\" dir=\"ltr\">\n\t\t\t<div class=\"elementor-image-carousel swiper-wrapper swiper-image-stretch\" aria-live=\"off\">\n\t\t\t\t\t\t\t\t<div class=\"swiper-slide\" role=\"group\" aria-roledescription=\"slide\" aria-label=\"1 of 5\"><a data-elementor-open-lightbox=\"yes\" data-elementor-lightbox-slideshow=\"10003d3\" data-e-action-hash=\"#elementor-action%3Aaction%3Dlightbox%26settings%3DeyJpZCI6NTU3LCJ1cmwiOiJodHRwczpcL1wva3Jpc3RpbmF2ZWl0LmNvbVwvd3AtY29udGVudFwvdXBsb2Fkc1wvMjAyMlwvMDVcLzAwX2ltcGxhbnRpZXJlbl9zY2hsYWZsb3NpbmJvY2tlbmhlaW1fMTgwOTMwX2NocmlzdGlhbnNjaHVsbGVyXzUtMS1zY2FsZWQuanBnIiwic2xpZGVzaG93IjoiMTAwMDNkMyJ9\" href=\"https:\/\/kristinaveit.com\/wp-content\/uploads\/2022\/05\/00_implantieren_schlaflosinbockenheim_180930_christianschuller_5-1-scaled.jpg\"><figure class=\"swiper-slide-inner\"><img decoding=\"async\" class=\"swiper-slide-image\" src=\"https:\/\/kristinaveit.com\/wp-content\/uploads\/elementor\/thumbs\/00_implantieren_schlaflosinbockenheim_180930_christianschuller_5-1-scaled-poir6pawqx5f070u79mmtwu95dobz9qizpzmged1u0.jpg\" alt=\"\" \/><\/figure><\/a><\/div><div class=\"swiper-slide\" role=\"group\" aria-roledescription=\"slide\" aria-label=\"2 of 5\"><a data-elementor-open-lightbox=\"yes\" data-elementor-lightbox-slideshow=\"10003d3\" data-e-action-hash=\"#elementor-action%3Aaction%3Dlightbox%26settings%3DeyJpZCI6NTU4LCJ1cmwiOiJodHRwczpcL1wva3Jpc3RpbmF2ZWl0LmNvbVwvd3AtY29udGVudFwvdXBsb2Fkc1wvMjAyMlwvMDVcLzFfaW1wbGFudGllcmVuX3NjaGxhZmxvc2luYm9ja2VuaGVpbV8xODA5MzBfY2hyaXN0aWFuc2NodWxsZXJfMi1zY2FsZWQuanBnIiwic2xpZGVzaG93IjoiMTAwMDNkMyJ9\" href=\"https:\/\/kristinaveit.com\/wp-content\/uploads\/2022\/05\/1_implantieren_schlaflosinbockenheim_180930_christianschuller_2-scaled.jpg\"><figure class=\"swiper-slide-inner\"><img decoding=\"async\" class=\"swiper-slide-image\" src=\"https:\/\/kristinaveit.com\/wp-content\/uploads\/elementor\/thumbs\/1_implantieren_schlaflosinbockenheim_180930_christianschuller_2-scaled-poir6s4fbf99z0wqqsuije4mxjafmd1q03y2w88vbc.jpg\" alt=\"\" \/><\/figure><\/a><\/div><div class=\"swiper-slide\" role=\"group\" aria-roledescription=\"slide\" aria-label=\"3 of 5\"><a data-elementor-open-lightbox=\"yes\" data-elementor-lightbox-slideshow=\"10003d3\" data-e-action-hash=\"#elementor-action%3Aaction%3Dlightbox%26settings%3DeyJpZCI6NTU5LCJ1cmwiOiJodHRwczpcL1wva3Jpc3RpbmF2ZWl0LmNvbVwvd3AtY29udGVudFwvdXBsb2Fkc1wvMjAyMlwvMDVcLzJfaW1wbGFudGllcmVuX3NjaGxhZmxvc2luYm9ja2VuaGVpbV8xODA5MzBfY2hyaXN0aWFuc2NodWxsZXJfNy1zY2FsZWQuanBnIiwic2xpZGVzaG93IjoiMTAwMDNkMyJ9\" href=\"https:\/\/kristinaveit.com\/wp-content\/uploads\/2022\/05\/2_implantieren_schlaflosinbockenheim_180930_christianschuller_7-scaled.jpg\"><figure class=\"swiper-slide-inner\"><img decoding=\"async\" class=\"swiper-slide-image\" src=\"https:\/\/kristinaveit.com\/wp-content\/uploads\/elementor\/thumbs\/2_implantieren_schlaflosinbockenheim_180930_christianschuller_7-scaled-poir6uxxvxd4xusnac2e8vf0powj9gcx0hwjc24oso.jpg\" alt=\"\" \/><\/figure><\/a><\/div><div class=\"swiper-slide\" role=\"group\" aria-roledescription=\"slide\" aria-label=\"4 of 5\"><a data-elementor-open-lightbox=\"yes\" data-elementor-lightbox-slideshow=\"10003d3\" data-e-action-hash=\"#elementor-action%3Aaction%3Dlightbox%26settings%3DeyJpZCI6NTYwLCJ1cmwiOiJodHRwczpcL1wva3Jpc3RpbmF2ZWl0LmNvbVwvd3AtY29udGVudFwvdXBsb2Fkc1wvMjAyMlwvMDVcLzNfaW1wbGFudGllcmVuX3NjaGxhZmxvc2luYm9ja2VuaGVpbV8xODA5MzBfY2hyaXN0aWFuc2NodWxsZXJfMTQtc2NhbGVkLmpwZyIsInNsaWRlc2hvdyI6IjEwMDAzZDMifQ%3D%3D\" href=\"https:\/\/kristinaveit.com\/wp-content\/uploads\/2022\/05\/3_implantieren_schlaflosinbockenheim_180930_christianschuller_14-scaled.jpg\"><figure class=\"swiper-slide-inner\"><img decoding=\"async\" class=\"swiper-slide-image\" src=\"https:\/\/kristinaveit.com\/wp-content\/uploads\/elementor\/thumbs\/3_implantieren_schlaflosinbockenheim_180930_christianschuller_14-scaled-poir6zn4u3jkjwltiw3j3c8bom9dbxvkp55yqfxpxk.jpg\" alt=\"\" \/><\/figure><\/a><\/div><div class=\"swiper-slide\" role=\"group\" aria-roledescription=\"slide\" aria-label=\"5 of 5\"><a data-elementor-open-lightbox=\"yes\" data-elementor-lightbox-slideshow=\"10003d3\" data-e-action-hash=\"#elementor-action%3Aaction%3Dlightbox%26settings%3DeyJpZCI6NTU2LCJ1cmwiOiJodHRwczpcL1wva3Jpc3RpbmF2ZWl0LmNvbVwvd3AtY29udGVudFwvdXBsb2Fkc1wvMjAyMlwvMDVcLzRfaW1wbGFudGllcmVuX3NjaGxhZmxvc2luYm9ja2VuaGVpbV8xODA5MzBfY2hyaXN0aWFuc2NodWxsZXJfNC1zY2FsZWQuanBnIiwic2xpZGVzaG93IjoiMTAwMDNkMyJ9\" href=\"https:\/\/kristinaveit.com\/wp-content\/uploads\/2022\/05\/4_implantieren_schlaflosinbockenheim_180930_christianschuller_4-scaled.jpg\"><figure class=\"swiper-slide-inner\"><img decoding=\"async\" class=\"swiper-slide-image\" src=\"https:\/\/kristinaveit.com\/wp-content\/uploads\/elementor\/thumbs\/4_implantieren_schlaflosinbockenheim_180930_christianschuller_4-scaled-poir6klpsqyze57nyplhzg0y6gbhws7vb2q720k0p4.jpg\" alt=\"\" \/><\/figure><\/a><\/div>\t\t\t<\/div>\n\t\t\t\t\t\t\t\t\t\t\t\t<div class=\"elementor-swiper-button elementor-swiper-button-prev\" role=\"button\" tabindex=\"0\">\n\t\t\t\t\t\t<i aria-hidden=\"true\" class=\"eicon-chevron-left\"><\/i>\t\t\t\t\t<\/div>\n\t\t\t\t\t<div class=\"elementor-swiper-button elementor-swiper-button-next\" role=\"button\" tabindex=\"0\">\n\t\t\t\t\t\t<i aria-hidden=\"true\" class=\"eicon-chevron-right\"><\/i>\t\t\t\t\t<\/div>\n\t\t\t\t\n\t\t\t\t\t\t\t\t\t<\/div>\n\t\t\t\t\t\t<\/div>\n\t\t\t\t<\/div>\n\t\t\t\t\t<\/div>\n\t\t<\/div>\n\t\t\t\t\t<\/div>\n\t\t<\/section>\n\t\t\t\t\t<\/div>\n\t\t<\/div>\n\t\t\t\t\t<\/div>\n\t\t<\/section>\n\t\t\t\t<\/div>","protected":false},"excerpt":{"rendered":"<p>Schlaflos in\u2026 Frankfurt There are numerous causes for sleepless nights: stage fright, heartache, working an all-nighter, vampirism\u2026 A party night that only ends in the early morning hours, talking all night long with a new lover or good friends, a summer night at the North Cape, where the sun never sets. In her Late Night [&hellip;]<\/p>","protected":false},"author":1,"featured_media":0,"parent":0,"menu_order":0,"comment_status":"closed","ping_status":"closed","template":"","meta":{"site-sidebar-layout":"no-sidebar","site-content-layout":"page-builder","ast-site-content-layout":"default","site-content-style":"default","site-sidebar-style":"default","ast-global-header-display":"","ast-banner-title-visibility":"","ast-main-header-display":"","ast-hfb-above-header-display":"","ast-hfb-below-header-display":"","ast-hfb-mobile-header-display":"","site-post-title":"disabled","ast-breadcrumbs-content":"","ast-featured-img":"disabled","footer-sml-layout":"","theme-transparent-header-meta":"","adv-header-id-meta":"","stick-header-meta":"","header-above-stick-meta":"","header-main-stick-meta":"","header-below-stick-meta":"","astra-migrate-meta-layouts":"default","ast-page-background-enabled":"default","ast-page-background-meta":{"desktop":{"background-color":"var(--ast-global-color-4)","background-image":"","background-repeat":"repeat","background-position":"center center","background-size":"auto","background-attachment":"scroll","background-type":"","background-media":"","overlay-type":"","overlay-color":"","overlay-opacity":"","overlay-gradient":""},"tablet":{"background-color":"","background-image":"","background-repeat":"repeat","background-position":"center center","background-size":"auto","background-attachment":"scroll","background-type":"","background-media":"","overlay-type":"","overlay-color":"","overlay-opacity":"","overlay-gradient":""},"mobile":{"background-color":"","background-image":"","background-repeat":"repeat","background-position":"center center","background-size":"auto","background-attachment":"scroll","background-type":"","background-media":"","overlay-type":"","overlay-color":"","overlay-opacity":"","overlay-gradient":""}},"ast-content-background-meta":{"desktop":{"background-color":"var(--ast-global-color-5)","background-image":"","background-repeat":"repeat","background-position":"center center","background-size":"auto","background-attachment":"scroll","background-type":"","background-media":"","overlay-type":"","overlay-color":"","overlay-opacity":"","overlay-gradient":""},"tablet":{"background-color":"var(--ast-global-color-5)","background-image":"","background-repeat":"repeat","background-position":"center center","background-size":"auto","background-attachment":"scroll","background-type":"","background-media":"","overlay-type":"","overlay-color":"","overlay-opacity":"","overlay-gradient":""},"mobile":{"background-color":"var(--ast-global-color-5)","background-image":"","background-repeat":"repeat","background-position":"center center","background-size":"auto","background-attachment":"scroll","background-type":"","background-media":"","overlay-type":"","overlay-color":"","overlay-opacity":"","overlay-gradient":""}},"footnotes":""},"class_list":["post-551","page","type-page","status-publish","hentry"],"aioseo_notices":[],"_links":{"self":[{"href":"https:\/\/kristinaveit.com\/de\/wp-json\/wp\/v2\/pages\/551","targetHints":{"allow":["GET"]}}],"collection":[{"href":"https:\/\/kristinaveit.com\/de\/wp-json\/wp\/v2\/pages"}],"about":[{"href":"https:\/\/kristinaveit.com\/de\/wp-json\/wp\/v2\/types\/page"}],"author":[{"embeddable":true,"href":"https:\/\/kristinaveit.com\/de\/wp-json\/wp\/v2\/users\/1"}],"replies":[{"embeddable":true,"href":"https:\/\/kristinaveit.com\/de\/wp-json\/wp\/v2\/comments?post=551"}],"version-history":[{"count":10,"href":"https:\/\/kristinaveit.com\/de\/wp-json\/wp\/v2\/pages\/551\/revisions"}],"predecessor-version":[{"id":1236,"href":"https:\/\/kristinaveit.com\/de\/wp-json\/wp\/v2\/pages\/551\/revisions\/1236"}],"wp:attachment":[{"href":"https:\/\/kristinaveit.com\/de\/wp-json\/wp\/v2\/media?parent=551"}],"curies":[{"name":"wp","href":"https:\/\/api.w.org\/{rel}","templated":true}]}}