{"id":491,"date":"2022-05-08T15:45:37","date_gmt":"2022-05-08T15:45:37","guid":{"rendered":"http:\/\/kristinaveit.com\/?page_id=491"},"modified":"2022-07-04T11:21:31","modified_gmt":"2022-07-04T11:21:31","slug":"untertitel-eine-techno-oper-in-drei-akten","status":"publish","type":"page","link":"https:\/\/kristinaveit.com\/de\/untertitel-eine-techno-oper-in-drei-akten\/","title":{"rendered":"UNTERTITEL. EINE TECHNO-OPER IN DREI AKTEN"},"content":{"rendered":"<div data-elementor-type=\"wp-page\" data-elementor-id=\"491\" class=\"elementor elementor-491\">\n\t\t\t\t\t\t<section class=\"elementor-section elementor-top-section elementor-element elementor-element-b996fc2 elementor-section-height-min-height elementor-section-items-top elementor-section-boxed elementor-section-height-default\" data-id=\"b996fc2\" data-element_type=\"section\" data-e-type=\"section\">\n\t\t\t\t\t\t<div class=\"elementor-container elementor-column-gap-default\">\n\t\t\t\t\t<div class=\"elementor-column elementor-col-100 elementor-top-column elementor-element elementor-element-52a03af\" data-id=\"52a03af\" data-element_type=\"column\" data-e-type=\"column\" data-settings=\"{&quot;background_background&quot;:&quot;classic&quot;}\">\n\t\t\t<div class=\"elementor-widget-wrap elementor-element-populated\">\n\t\t\t\t\t\t<div class=\"elementor-element elementor-element-703c1b3 elementor-widget elementor-widget-heading\" data-id=\"703c1b3\" data-element_type=\"widget\" data-e-type=\"widget\" data-widget_type=\"heading.default\">\n\t\t\t\t<div class=\"elementor-widget-container\">\n\t\t\t\t\t<h2 class=\"elementor-heading-title elementor-size-default\">UNTERTITEL. EINE TECHNO-OPER IN DREI AKTEN<\/h2>\t\t\t\t<\/div>\n\t\t\t\t<\/div>\n\t\t\t\t<section class=\"elementor-section elementor-inner-section elementor-element elementor-element-32fe731 elementor-section-boxed elementor-section-height-default elementor-section-height-default\" data-id=\"32fe731\" data-element_type=\"section\" data-e-type=\"section\">\n\t\t\t\t\t\t<div class=\"elementor-container elementor-column-gap-default\">\n\t\t\t\t\t<div class=\"elementor-column elementor-col-50 elementor-inner-column elementor-element elementor-element-b2d86cd\" data-id=\"b2d86cd\" data-element_type=\"column\" data-e-type=\"column\">\n\t\t\t<div class=\"elementor-widget-wrap elementor-element-populated\">\n\t\t\t\t\t\t<div class=\"elementor-element elementor-element-dcea10b elementor-widget elementor-widget-text-editor\" data-id=\"dcea10b\" data-element_type=\"widget\" data-e-type=\"widget\" data-widget_type=\"text-editor.default\">\n\t\t\t\t<div class=\"elementor-widget-container\">\n\t\t\t\t\t\t\t\t\t<p>Drei R\u00e4ume, drei Teile, drei K\u00f6rper. Ein Lied, keine Musik. Eine Techno-Oper, in der man keinen organisierten Beat h\u00f6ren, in der nicht gesungen wird. Eine Oper, die sich mit den Untertiteln zu heutigen Positionen im Tanz besch\u00e4ftigt.<\/p><p>\u00a0<\/p><p>Gemeinsam mit drei Performer*innen begibt sich das Publikum auf eine Spurensuche nach dem Vergangenem im K\u00f6rper, der Fl\u00fcchtigkeit der Zeit und dem Verfallsdatum von K\u00f6rpern. Genres und Gestaltungsmittel greifen ineinander, um eine \u00dcbersetzung f\u00fcr den Zustand des Alterns und Veraltens zu finden.<\/p><p>\u00a0<\/p><p>Die achte Arbeit des K\u00fcnstlerinnenduos ravvina\/veit l\u00e4dt zu einer etwas anderen Entdeckungsreise von Oskar Schlemmers \u201eTriadischem Ballett\u201c und seiner raumgreifenden Kost\u00fcme ein und ist dabei nicht nur eine Hommage an die Tradition, sondern mehr noch der Wunsch, zu verstehen wo sich die Kunstszene und K\u00fcnstler*innen heute befinden.<\/p><p>\u00a0<\/p><p class=\"translation-block\"><strong>Idee:<\/strong> ravvina\/veit | <strong>Regie:<\/strong> Ksenia Ravvina | <strong>Performance:<\/strong> Fr\u00e9d\u00e9ric De Carlo, Amancio Gonzalez, Kristina Veit | <strong>Kost\u00fcmleihgabe:<\/strong> CreativHaus Offenbach e.V. | <strong>Sound:<\/strong> Alexandar Hadjiev | <strong>Licht:<\/strong> Lutz Zimmermann | <strong>Produktion:<\/strong> Mareike Uhl<\/p><p>\u00a0<\/p><p>Geprobt und erarbeitet im Z, Zentrum f\u00fcr Proben und Forschung und im <a href=\"https:\/\/www.atelierfrankfurt.de\/portfolio_page\/29-10-2-11-tanzperformance\/\" target=\"_blank\" rel=\"noopener\"><strong>Atelier Frankfurt<\/strong><\/a>, gef\u00f6rdert durch das Kulturamt der Stadt Frankfurt am Main.<\/p>\t\t\t\t\t\t\t\t<\/div>\n\t\t\t\t<\/div>\n\t\t\t\t\t<\/div>\n\t\t<\/div>\n\t\t\t\t<div class=\"elementor-column elementor-col-50 elementor-inner-column elementor-element elementor-element-493ed79\" data-id=\"493ed79\" data-element_type=\"column\" data-e-type=\"column\">\n\t\t\t<div class=\"elementor-widget-wrap elementor-element-populated\">\n\t\t\t\t\t\t<div class=\"elementor-element elementor-element-10003d3 elementor-arrows-position-inside elementor-widget elementor-widget-image-carousel\" data-id=\"10003d3\" data-element_type=\"widget\" data-e-type=\"widget\" data-settings=\"{&quot;slides_to_show&quot;:&quot;1&quot;,&quot;navigation&quot;:&quot;arrows&quot;,&quot;autoplay&quot;:&quot;yes&quot;,&quot;pause_on_hover&quot;:&quot;yes&quot;,&quot;pause_on_interaction&quot;:&quot;yes&quot;,&quot;autoplay_speed&quot;:5000,&quot;infinite&quot;:&quot;yes&quot;,&quot;effect&quot;:&quot;slide&quot;,&quot;speed&quot;:500}\" data-widget_type=\"image-carousel.default\">\n\t\t\t\t<div class=\"elementor-widget-container\">\n\t\t\t\t\t\t\t<div class=\"elementor-image-carousel-wrapper swiper\" role=\"region\" aria-roledescription=\"carousel\" aria-label=\"Bild Karussell\" dir=\"ltr\">\n\t\t\t<div class=\"elementor-image-carousel swiper-wrapper swiper-image-stretch\" aria-live=\"off\">\n\t\t\t\t\t\t\t\t<div class=\"swiper-slide\" role=\"group\" aria-roledescription=\"slide\" aria-label=\"1 von 8\"><a data-elementor-open-lightbox=\"yes\" data-elementor-lightbox-slideshow=\"10003d3\" data-e-action-hash=\"#elementor-action%3Aaction%3Dlightbox%26settings%3DeyJpZCI6NDk2LCJ1cmwiOiJodHRwczpcL1wva3Jpc3RpbmF2ZWl0LmNvbVwvd3AtY29udGVudFwvdXBsb2Fkc1wvMjAyMlwvMDVcLzFfVW50ZXJ0aXRlbF9UZWNobm9PcGVyLWluLTMtQWt0ZW5fY19NYWNpZWotUnVzaW5lay0xLXNjYWxlZC5qcGciLCJzbGlkZXNob3ciOiIxMDAwM2QzIn0%3D\" href=\"https:\/\/kristinaveit.com\/wp-content\/uploads\/2022\/05\/1_Untertitel_TechnoOper-in-3-Akten_c_Maciej-Rusinek-1-scaled.jpg\"><figure class=\"swiper-slide-inner\"><img decoding=\"async\" class=\"swiper-slide-image\" src=\"https:\/\/kristinaveit.com\/wp-content\/uploads\/elementor\/thumbs\/1_Untertitel_TechnoOper-in-3-Akten_c_Maciej-Rusinek-1-scaled-poiqkqsn3939s4x3f9xe2yblkbwn5tk9n1c9uox56w.jpg\" alt=\"\u00a9Maciej Rusinek\" \/><\/figure><\/a><\/div><div class=\"swiper-slide\" role=\"group\" aria-roledescription=\"slide\" aria-label=\"2 von 8\"><a data-elementor-open-lightbox=\"yes\" data-elementor-lightbox-slideshow=\"10003d3\" data-e-action-hash=\"#elementor-action%3Aaction%3Dlightbox%26settings%3DeyJpZCI6NDk3LCJ1cmwiOiJodHRwczpcL1wva3Jpc3RpbmF2ZWl0LmNvbVwvd3AtY29udGVudFwvdXBsb2Fkc1wvMjAyMlwvMDVcLzJfVW50ZXJ0aXRlbF9UZWNobm9PcGVyLWluLTMtQWt0ZW5fY19NYWNpZWotUnVzaW5lay00LXNjYWxlZC5qcGciLCJzbGlkZXNob3ciOiIxMDAwM2QzIn0%3D\" href=\"https:\/\/kristinaveit.com\/wp-content\/uploads\/2022\/05\/2_Untertitel_TechnoOper-in-3-Akten_c_Maciej-Rusinek-4-scaled.jpg\"><figure class=\"swiper-slide-inner\"><img decoding=\"async\" class=\"swiper-slide-image\" src=\"https:\/\/kristinaveit.com\/wp-content\/uploads\/elementor\/thumbs\/2_Untertitel_TechnoOper-in-3-Akten_c_Maciej-Rusinek-4-scaled-poiqkujzul8f2krmtbjwcxdfxve40lz6zjy7rsrki0.jpg\" alt=\"\u00a9Maciej Rusinek\" \/><\/figure><\/a><\/div><div class=\"swiper-slide\" role=\"group\" aria-roledescription=\"slide\" aria-label=\"3 von 8\"><a data-elementor-open-lightbox=\"yes\" data-elementor-lightbox-slideshow=\"10003d3\" data-e-action-hash=\"#elementor-action%3Aaction%3Dlightbox%26settings%3DeyJpZCI6NDk4LCJ1cmwiOiJodHRwczpcL1wva3Jpc3RpbmF2ZWl0LmNvbVwvd3AtY29udGVudFwvdXBsb2Fkc1wvMjAyMlwvMDVcLzNfVW50ZXJ0aXRlbF9UZWNobm9PcGVyLWluLTMtQWt0ZW5fY19NYWNpZWotUnVzaW5lay01LXNjYWxlZC5qcGciLCJzbGlkZXNob3ciOiIxMDAwM2QzIn0%3D\" href=\"https:\/\/kristinaveit.com\/wp-content\/uploads\/2022\/05\/3_Untertitel_TechnoOper-in-3-Akten_c_Maciej-Rusinek-5-scaled.jpg\"><figure class=\"swiper-slide-inner\"><img decoding=\"async\" class=\"swiper-slide-image\" src=\"https:\/\/kristinaveit.com\/wp-content\/uploads\/elementor\/thumbs\/3_Untertitel_TechnoOper-in-3-Akten_c_Maciej-Rusinek-5-scaled-poiql070zlg508jfwdznrvy7i6mbasll0bv4ngj7go.jpg\" alt=\"\u00a9Maciej Rusinek\" \/><\/figure><\/a><\/div><div class=\"swiper-slide\" role=\"group\" aria-roledescription=\"slide\" aria-label=\"4 von 8\"><a data-elementor-open-lightbox=\"yes\" data-elementor-lightbox-slideshow=\"10003d3\" data-e-action-hash=\"#elementor-action%3Aaction%3Dlightbox%26settings%3DeyJpZCI6NDk5LCJ1cmwiOiJodHRwczpcL1wva3Jpc3RpbmF2ZWl0LmNvbVwvd3AtY29udGVudFwvdXBsb2Fkc1wvMjAyMlwvMDVcLzRfVW50ZXJ0aXRlbF9UZWNobm9PcGVyLWluLTMtQWt0ZW5fY19NYWNpZWotUnVzaW5lay0zLXNjYWxlZC5qcGciLCJzbGlkZXNob3ciOiIxMDAwM2QzIn0%3D\" href=\"https:\/\/kristinaveit.com\/wp-content\/uploads\/2022\/05\/4_Untertitel_TechnoOper-in-3-Akten_c_Maciej-Rusinek-3-scaled.jpg\"><figure class=\"swiper-slide-inner\"><img decoding=\"async\" class=\"swiper-slide-image\" src=\"https:\/\/kristinaveit.com\/wp-content\/uploads\/elementor\/thumbs\/4_Untertitel_TechnoOper-in-3-Akten_c_Maciej-Rusinek-3-scaled-poiql4w7xrmkmacm4y0smcrih3z5da48oz4k1uc8lk.jpg\" alt=\"\u00a9Maciej Rusinek\" \/><\/figure><\/a><\/div><div class=\"swiper-slide\" role=\"group\" aria-roledescription=\"slide\" aria-label=\"5 von 8\"><a data-elementor-open-lightbox=\"yes\" data-elementor-lightbox-slideshow=\"10003d3\" data-e-action-hash=\"#elementor-action%3Aaction%3Dlightbox%26settings%3DeyJpZCI6NTAwLCJ1cmwiOiJodHRwczpcL1wva3Jpc3RpbmF2ZWl0LmNvbVwvd3AtY29udGVudFwvdXBsb2Fkc1wvMjAyMlwvMDVcLzVfVW50ZXJ0aXRlbF9UZWNobm9PcGVyLWluLTMtQWt0ZW5fY19NYWNpZWotUnVzaW5lay0yLXNjYWxlZC5qcGciLCJzbGlkZXNob3ciOiIxMDAwM2QzIn0%3D\" href=\"https:\/\/kristinaveit.com\/wp-content\/uploads\/2022\/05\/5_Untertitel_TechnoOper-in-3-Akten_c_Maciej-Rusinek-2-scaled.jpg\"><figure class=\"swiper-slide-inner\"><img decoding=\"async\" class=\"swiper-slide-image\" src=\"https:\/\/kristinaveit.com\/wp-content\/uploads\/elementor\/thumbs\/5_Untertitel_TechnoOper-in-3-Akten_c_Maciej-Rusinek-2-scaled-poiqlaj92ruajy4f80gk1bca1f7cngqmpr1gxi3vk8.jpg\" alt=\"\u00a9Maciej Rusinek\" \/><\/figure><\/a><\/div><div class=\"swiper-slide\" role=\"group\" aria-roledescription=\"slide\" aria-label=\"6 von 8\"><a data-elementor-open-lightbox=\"yes\" data-elementor-lightbox-slideshow=\"10003d3\" data-e-action-hash=\"#elementor-action%3Aaction%3Dlightbox%26settings%3DeyJpZCI6NTAxLCJ1cmwiOiJodHRwczpcL1wva3Jpc3RpbmF2ZWl0LmNvbVwvd3AtY29udGVudFwvdXBsb2Fkc1wvMjAyMlwvMDVcLzZfVW50ZXJ0aXRlbF9UZWNobm9PcGVyLWluLTMtQWt0ZW5fY19NYWNpZWotUnVzaW5lay02LXNjYWxlZC5qcGciLCJzbGlkZXNob3ciOiIxMDAwM2QzIn0%3D\" href=\"https:\/\/kristinaveit.com\/wp-content\/uploads\/2022\/05\/6_Untertitel_TechnoOper-in-3-Akten_c_Maciej-Rusinek-6-scaled.jpg\"><figure class=\"swiper-slide-inner\"><img decoding=\"async\" class=\"swiper-slide-image\" src=\"https:\/\/kristinaveit.com\/wp-content\/uploads\/elementor\/thumbs\/6_Untertitel_TechnoOper-in-3-Akten_c_Maciej-Rusinek-6-scaled-poiqlh44em3at7uv5lay0roi74ax5cgr2nlvafu4co.jpg\" alt=\"\u00a9Maciej Rusinek\" \/><\/figure><\/a><\/div><div class=\"swiper-slide\" role=\"group\" aria-roledescription=\"slide\" aria-label=\"7 von 8\"><a data-elementor-open-lightbox=\"yes\" data-elementor-lightbox-slideshow=\"10003d3\" data-e-action-hash=\"#elementor-action%3Aaction%3Dlightbox%26settings%3DeyJpZCI6NTAyLCJ1cmwiOiJodHRwczpcL1wva3Jpc3RpbmF2ZWl0LmNvbVwvd3AtY29udGVudFwvdXBsb2Fkc1wvMjAyMlwvMDVcL1VudGVydGl0ZWwuVGVjaG5vT3Blci1pbi0zLUFrdGVuX2NfQS53ZWJwIiwic2xpZGVzaG93IjoiMTAwMDNkMyJ9\" href=\"https:\/\/kristinaveit.com\/wp-content\/uploads\/2022\/05\/Untertitel.TechnoOper-in-3-Akten_c_A.webp\"><figure class=\"swiper-slide-inner\"><img decoding=\"async\" class=\"swiper-slide-image\" src=\"https:\/\/kristinaveit.com\/wp-content\/uploads\/elementor\/thumbs\/Untertitel.TechnoOper-in-3-Akten_c_A-poiqli1ylg4l4tti03pkl9fysi6ad1khes9crpsq6g.webp\" alt=\"\u00a9Maciej Rusinek\" \/><\/figure><\/a><\/div><div class=\"swiper-slide\" role=\"group\" aria-roledescription=\"slide\" aria-label=\"8 von 8\"><a data-elementor-open-lightbox=\"yes\" data-elementor-lightbox-slideshow=\"10003d3\" data-e-action-hash=\"#elementor-action%3Aaction%3Dlightbox%26settings%3DeyJpZCI6NTAzLCJ1cmwiOiJodHRwczpcL1wva3Jpc3RpbmF2ZWl0LmNvbVwvd3AtY29udGVudFwvdXBsb2Fkc1wvMjAyMlwvMDVcLzAwX1VudGVydGl0ZWwuVGVjaG5vT3Blci1pbi0zLUFrdGVuX2NfQS0xLXNjYWxlZC5qcGciLCJzbGlkZXNob3ciOiIxMDAwM2QzIn0%3D\" href=\"https:\/\/kristinaveit.com\/wp-content\/uploads\/2022\/05\/00_Untertitel.TechnoOper-in-3-Akten_c_A-1-scaled.jpg\"><figure class=\"swiper-slide-inner\"><img decoding=\"async\" class=\"swiper-slide-image\" src=\"https:\/\/kristinaveit.com\/wp-content\/uploads\/elementor\/thumbs\/00_Untertitel.TechnoOper-in-3-Akten_c_A-1-scaled-poiqlizssa5vgfs4um475r7fdw1nkqo7qwwu8zrc08.jpg\" alt=\"\u00a9Maciej Rusinek\" \/><\/figure><\/a><\/div>\t\t\t<\/div>\n\t\t\t\t\t\t\t\t\t\t\t\t<div class=\"elementor-swiper-button elementor-swiper-button-prev\" role=\"button\" tabindex=\"0\">\n\t\t\t\t\t\t<i aria-hidden=\"true\" class=\"eicon-chevron-left\"><\/i>\t\t\t\t\t<\/div>\n\t\t\t\t\t<div class=\"elementor-swiper-button elementor-swiper-button-next\" role=\"button\" tabindex=\"0\">\n\t\t\t\t\t\t<i aria-hidden=\"true\" class=\"eicon-chevron-right\"><\/i>\t\t\t\t\t<\/div>\n\t\t\t\t\n\t\t\t\t\t\t\t\t\t<\/div>\n\t\t\t\t\t\t<\/div>\n\t\t\t\t<\/div>\n\t\t\t\t\t<\/div>\n\t\t<\/div>\n\t\t\t\t\t<\/div>\n\t\t<\/section>\n\t\t\t\t\t<\/div>\n\t\t<\/div>\n\t\t\t\t\t<\/div>\n\t\t<\/section>\n\t\t\t\t<\/div>","protected":false},"excerpt":{"rendered":"<p>UNTERTITEL. EINE TECHNO-OPER IN DREI AKTEN Three rooms, three parts, three bodies. A song, no music. A techno-opera in which you don&#8217;t hear an organized beat, in which there is no singing. An opera that deals with the subtitles of today&#8217;s positions in dance. \u00a0 Together with three performers, the audience embarks on a search [&hellip;]<\/p>","protected":false},"author":1,"featured_media":0,"parent":0,"menu_order":0,"comment_status":"closed","ping_status":"closed","template":"","meta":{"site-sidebar-layout":"no-sidebar","site-content-layout":"page-builder","ast-site-content-layout":"default","site-content-style":"default","site-sidebar-style":"default","ast-global-header-display":"","ast-banner-title-visibility":"","ast-main-header-display":"","ast-hfb-above-header-display":"","ast-hfb-below-header-display":"","ast-hfb-mobile-header-display":"","site-post-title":"disabled","ast-breadcrumbs-content":"","ast-featured-img":"disabled","footer-sml-layout":"","theme-transparent-header-meta":"","adv-header-id-meta":"","stick-header-meta":"","header-above-stick-meta":"","header-main-stick-meta":"","header-below-stick-meta":"","astra-migrate-meta-layouts":"default","ast-page-background-enabled":"default","ast-page-background-meta":{"desktop":{"background-color":"var(--ast-global-color-4)","background-image":"","background-repeat":"repeat","background-position":"center center","background-size":"auto","background-attachment":"scroll","background-type":"","background-media":"","overlay-type":"","overlay-color":"","overlay-opacity":"","overlay-gradient":""},"tablet":{"background-color":"","background-image":"","background-repeat":"repeat","background-position":"center center","background-size":"auto","background-attachment":"scroll","background-type":"","background-media":"","overlay-type":"","overlay-color":"","overlay-opacity":"","overlay-gradient":""},"mobile":{"background-color":"","background-image":"","background-repeat":"repeat","background-position":"center center","background-size":"auto","background-attachment":"scroll","background-type":"","background-media":"","overlay-type":"","overlay-color":"","overlay-opacity":"","overlay-gradient":""}},"ast-content-background-meta":{"desktop":{"background-color":"var(--ast-global-color-5)","background-image":"","background-repeat":"repeat","background-position":"center center","background-size":"auto","background-attachment":"scroll","background-type":"","background-media":"","overlay-type":"","overlay-color":"","overlay-opacity":"","overlay-gradient":""},"tablet":{"background-color":"var(--ast-global-color-5)","background-image":"","background-repeat":"repeat","background-position":"center center","background-size":"auto","background-attachment":"scroll","background-type":"","background-media":"","overlay-type":"","overlay-color":"","overlay-opacity":"","overlay-gradient":""},"mobile":{"background-color":"var(--ast-global-color-5)","background-image":"","background-repeat":"repeat","background-position":"center center","background-size":"auto","background-attachment":"scroll","background-type":"","background-media":"","overlay-type":"","overlay-color":"","overlay-opacity":"","overlay-gradient":""}},"footnotes":""},"class_list":["post-491","page","type-page","status-publish","hentry"],"aioseo_notices":[],"_links":{"self":[{"href":"https:\/\/kristinaveit.com\/de\/wp-json\/wp\/v2\/pages\/491","targetHints":{"allow":["GET"]}}],"collection":[{"href":"https:\/\/kristinaveit.com\/de\/wp-json\/wp\/v2\/pages"}],"about":[{"href":"https:\/\/kristinaveit.com\/de\/wp-json\/wp\/v2\/types\/page"}],"author":[{"embeddable":true,"href":"https:\/\/kristinaveit.com\/de\/wp-json\/wp\/v2\/users\/1"}],"replies":[{"embeddable":true,"href":"https:\/\/kristinaveit.com\/de\/wp-json\/wp\/v2\/comments?post=491"}],"version-history":[{"count":10,"href":"https:\/\/kristinaveit.com\/de\/wp-json\/wp\/v2\/pages\/491\/revisions"}],"predecessor-version":[{"id":1248,"href":"https:\/\/kristinaveit.com\/de\/wp-json\/wp\/v2\/pages\/491\/revisions\/1248"}],"wp:attachment":[{"href":"https:\/\/kristinaveit.com\/de\/wp-json\/wp\/v2\/media?parent=491"}],"curies":[{"name":"wp","href":"https:\/\/api.w.org\/{rel}","templated":true}]}}