{"id":410,"date":"2022-05-08T15:16:46","date_gmt":"2022-05-08T15:16:46","guid":{"rendered":"http:\/\/kristinaveit.com\/?page_id=410"},"modified":"2022-07-04T10:50:47","modified_gmt":"2022-07-04T10:50:47","slug":"generalpause","status":"publish","type":"page","link":"https:\/\/kristinaveit.com\/de\/generalpause\/","title":{"rendered":"GENERALPAUSE"},"content":{"rendered":"<div data-elementor-type=\"wp-page\" data-elementor-id=\"410\" class=\"elementor elementor-410\">\n\t\t\t\t\t\t<section class=\"elementor-section elementor-top-section elementor-element elementor-element-c91a192 elementor-section-boxed elementor-section-height-default elementor-section-height-default\" data-id=\"c91a192\" data-element_type=\"section\" data-e-type=\"section\">\n\t\t\t\t\t\t<div class=\"elementor-container elementor-column-gap-default\">\n\t\t\t\t\t<div class=\"elementor-column elementor-col-100 elementor-top-column elementor-element elementor-element-7f2987e\" data-id=\"7f2987e\" data-element_type=\"column\" data-e-type=\"column\" data-settings=\"{&quot;background_background&quot;:&quot;classic&quot;}\">\n\t\t\t<div class=\"elementor-widget-wrap elementor-element-populated\">\n\t\t\t\t\t\t<div class=\"elementor-element elementor-element-0a5cf31 elementor-widget elementor-widget-heading\" data-id=\"0a5cf31\" data-element_type=\"widget\" data-e-type=\"widget\" data-widget_type=\"heading.default\">\n\t\t\t\t<div class=\"elementor-widget-container\">\n\t\t\t\t\t<h2 class=\"elementor-heading-title elementor-size-default\">GENERALPAUSE<\/h2>\t\t\t\t<\/div>\n\t\t\t\t<\/div>\n\t\t\t\t<section class=\"elementor-section elementor-inner-section elementor-element elementor-element-6cba7e8 elementor-section-boxed elementor-section-height-default elementor-section-height-default\" data-id=\"6cba7e8\" data-element_type=\"section\" data-e-type=\"section\">\n\t\t\t\t\t\t<div class=\"elementor-container elementor-column-gap-default\">\n\t\t\t\t\t<div class=\"elementor-column elementor-col-50 elementor-inner-column elementor-element elementor-element-29c8a05\" data-id=\"29c8a05\" data-element_type=\"column\" data-e-type=\"column\">\n\t\t\t<div class=\"elementor-widget-wrap elementor-element-populated\">\n\t\t\t\t\t\t<div class=\"elementor-element elementor-element-df183e0 elementor-widget elementor-widget-text-editor\" data-id=\"df183e0\" data-element_type=\"widget\" data-e-type=\"widget\" data-widget_type=\"text-editor.default\">\n\t\t\t\t<div class=\"elementor-widget-container\">\n\t\t\t\t\t\t\t\t\t<p>Was geschieht, wenn alles pausiert? Menschen und Dinge, gemeinsam? Wer oder was \u00fcbernimmt dann die Hauptrolle? In \u2018Generalpause\u2019 besiedelt ein raumgreifendes Dickicht aus Metall die B\u00fchne, zusammen mit einem Ensemble tradierter Instrumente und ihrer k\u00fchn abgewandelten Verwandten. Dazwischen bewegen sich Menschen, im steten Kontakt zwischen K\u00f6rpern und Dingen entstehen Kl\u00e4nge, entwickeln sich Rhythmen, f\u00e4ngt alles an zu grooven. Kl\u00e4nge und Licht verbreiten und \u00fcbertragen sich, als Teilchen und Wellen, funzelnd, glimmend, leuchtend, strahlend, verbinden sich mit dem Rauschen, Krachen, Schlagen, Kreischen, Surren und Zirpen der Dinge. \u2018Generalpause\u2019 ist eine bewegte Suche nach neuen Bildern des gemeinsamen Musizierens, der k\u00f6rperlichen Arbeit an und mit der Musik, der dynamischen Allianz von Menschen und Dingen beim Handeln und Pausieren. Eine Konzert-Performance, choreografiert f\u00fcr alle Sinne.<\/p><p>\u00a0<\/p><p>Von und mit Yu-Ling Chiu, Gregor Glogowski, Friedrich Hartung, Laura Hicks, Benjamin Hoesch, Lukas Nowok, Yuka Ohta, Diego Ramos Rodr\u00edguez, Carmen Salinas und Kristina Veit<\/p><p>\u00a0<\/p><p>Eine Produktion von Glogowski\/Hoesch GbR in Koproduktion mit dem <strong><a href=\"https:\/\/www.mousonturm.de\/en\/events\/generalpause\/\" target=\"_blank\" rel=\"noopener\">K\u00fcnstlerhaus Mousonturm Frankfurt am Main <\/a><\/strong>und Kampnagel Hamburg. Gef\u00f6rdert vom Musikfonds e. V. mit Projektmitteln der Beauftragten der Bundesregierung f\u00fcr Kultur und Medien, durch das Kulturamt der Stadt Frankfurt am Main, das Hessische Ministerium f\u00fcr Wissenschaft und Kunst, die Hamburgische Kulturstiftung und die GVL (Gesellschaft zur Verwertung von Leistungsschutzrechten). Die Frankfurter Vorstellungen werden im Rahmen der intergenerationalen Vermittlungsinitiative ALL IN \u2013 F\u00dcR PUBLIKUM JEDEN ALTERS pr\u00e4sentiert.<\/p>\t\t\t\t\t\t\t\t<\/div>\n\t\t\t\t<\/div>\n\t\t\t\t\t<\/div>\n\t\t<\/div>\n\t\t\t\t<div class=\"elementor-column elementor-col-50 elementor-inner-column elementor-element elementor-element-c981e31\" data-id=\"c981e31\" data-element_type=\"column\" data-e-type=\"column\">\n\t\t\t<div class=\"elementor-widget-wrap elementor-element-populated\">\n\t\t\t\t\t\t<div class=\"elementor-element elementor-element-1bfea81 elementor-arrows-position-inside elementor-widget elementor-widget-image-carousel\" data-id=\"1bfea81\" data-element_type=\"widget\" data-e-type=\"widget\" data-settings=\"{&quot;slides_to_show&quot;:&quot;1&quot;,&quot;navigation&quot;:&quot;arrows&quot;,&quot;autoplay&quot;:&quot;yes&quot;,&quot;pause_on_hover&quot;:&quot;yes&quot;,&quot;pause_on_interaction&quot;:&quot;yes&quot;,&quot;autoplay_speed&quot;:5000,&quot;infinite&quot;:&quot;yes&quot;,&quot;effect&quot;:&quot;slide&quot;,&quot;speed&quot;:500}\" data-widget_type=\"image-carousel.default\">\n\t\t\t\t<div class=\"elementor-widget-container\">\n\t\t\t\t\t\t\t<div class=\"elementor-image-carousel-wrapper swiper\" role=\"region\" aria-roledescription=\"carousel\" aria-label=\"Bild Karussell\" dir=\"ltr\">\n\t\t\t<div class=\"elementor-image-carousel swiper-wrapper swiper-image-stretch\" aria-live=\"off\">\n\t\t\t\t\t\t\t\t<div class=\"swiper-slide\" role=\"group\" aria-roledescription=\"slide\" aria-label=\"1 von 7\" data-no-translation-aria-label=\"\"><a data-elementor-open-lightbox=\"yes\" data-elementor-lightbox-slideshow=\"1bfea81\" data-e-action-hash=\"#elementor-action%3Aaction%3Dlightbox%26settings%3DeyJpZCI6NDEyLCJ1cmwiOiJodHRwczpcL1wva3Jpc3RpbmF2ZWl0LmNvbVwvd3AtY29udGVudFwvdXBsb2Fkc1wvMjAyMlwvMDVcLzAwX01vRi1HZW5lcmFscGF1c2Vfb25saW5lX2MtQ2hyaXN0aWFuLVNjaHVsbGVyLTMxLTEtc2NhbGVkLmpwZyIsInNsaWRlc2hvdyI6IjFiZmVhODEifQ%3D%3D\" href=\"https:\/\/kristinaveit.com\/wp-content\/uploads\/2022\/05\/00_MoF-Generalpause_online_c-Christian-Schuller-31-1-scaled.jpg\"><figure class=\"swiper-slide-inner\"><img decoding=\"async\" class=\"swiper-slide-image\" src=\"https:\/\/kristinaveit.com\/wp-content\/uploads\/elementor\/thumbs\/00_MoF-Generalpause_online_c-Christian-Schuller-31-1-scaled-poip3qo9pkj73pwqxd4qhbtvo55j4955op0lmzic20.jpg\" alt=\"\u00a9Christian Schuller\" \/><\/figure><\/a><\/div><div class=\"swiper-slide\" role=\"group\" aria-roledescription=\"slide\" aria-label=\"2 von 7\" data-no-translation-aria-label=\"\"><a data-elementor-open-lightbox=\"yes\" data-elementor-lightbox-slideshow=\"1bfea81\" data-e-action-hash=\"#elementor-action%3Aaction%3Dlightbox%26settings%3DeyJpZCI6NDEzLCJ1cmwiOiJodHRwczpcL1wva3Jpc3RpbmF2ZWl0LmNvbVwvd3AtY29udGVudFwvdXBsb2Fkc1wvMjAyMlwvMDVcLzFfTW9GLUdlbmVyYWxwYXVzZV9vbmxpbmVfYy1DaHJpc3RpYW4tU2NodWxsZXItMjYtc2NhbGVkLmpwZyIsInNsaWRlc2hvdyI6IjFiZmVhODEifQ%3D%3D\" href=\"https:\/\/kristinaveit.com\/wp-content\/uploads\/2022\/05\/1_MoF-Generalpause_online_c-Christian-Schuller-26-scaled.jpg\"><figure class=\"swiper-slide-inner\"><img decoding=\"async\" class=\"swiper-slide-image\" src=\"https:\/\/kristinaveit.com\/wp-content\/uploads\/elementor\/thumbs\/1_MoF-Generalpause_online_c-Christian-Schuller-26-scaled-poip3thsa2n22jsngwcm6t49garmrcgcp2z22te5jc.jpg\" alt=\"\u00a9Christian Schullerv\" \/><\/figure><\/a><\/div><div class=\"swiper-slide\" role=\"group\" aria-roledescription=\"slide\" aria-label=\"3 von 7\" data-no-translation-aria-label=\"\"><a data-elementor-open-lightbox=\"yes\" data-elementor-lightbox-slideshow=\"1bfea81\" data-e-action-hash=\"#elementor-action%3Aaction%3Dlightbox%26settings%3DeyJpZCI6NDE0LCJ1cmwiOiJodHRwczpcL1wva3Jpc3RpbmF2ZWl0LmNvbVwvd3AtY29udGVudFwvdXBsb2Fkc1wvMjAyMlwvMDVcLzJfTW9GLUdlbmVyYWxwYXVzZV9vbmxpbmVfYy1DaHJpc3RpYW4tU2NodWxsZXItNC1zY2FsZWQuanBnIiwic2xpZGVzaG93IjoiMWJmZWE4MSJ9\" href=\"https:\/\/kristinaveit.com\/wp-content\/uploads\/2022\/05\/2_MoF-Generalpause_online_c-Christian-Schuller-4-scaled.jpg\"><figure class=\"swiper-slide-inner\"><img decoding=\"async\" class=\"swiper-slide-image\" src=\"https:\/\/kristinaveit.com\/wp-content\/uploads\/elementor\/thumbs\/2_MoF-Generalpause_online_c-Christian-Schuller-4-scaled-poip3vdgnqpmprpx5x5vbsn6n2id6qntdca11dbd6w.jpg\" alt=\"\u00a9Christian Schuller\" \/><\/figure><\/a><\/div><div class=\"swiper-slide\" role=\"group\" aria-roledescription=\"slide\" aria-label=\"4 von 7\" data-no-translation-aria-label=\"\"><a data-elementor-open-lightbox=\"yes\" data-elementor-lightbox-slideshow=\"1bfea81\" data-e-action-hash=\"#elementor-action%3Aaction%3Dlightbox%26settings%3DeyJpZCI6NDE1LCJ1cmwiOiJodHRwczpcL1wva3Jpc3RpbmF2ZWl0LmNvbVwvd3AtY29udGVudFwvdXBsb2Fkc1wvMjAyMlwvMDVcLzNfTW9GLUdlbmVyYWxwYXVzZV9vbmxpbmVfYy1DaHJpc3RpYW4tU2NodWxsZXItNDgtc2NhbGVkLmpwZyIsInNsaWRlc2hvdyI6IjFiZmVhODEifQ%3D%3D\" href=\"https:\/\/kristinaveit.com\/wp-content\/uploads\/2022\/05\/3_MoF-Generalpause_online_c-Christian-Schuller-48-scaled.jpg\"><figure class=\"swiper-slide-inner\"><img decoding=\"async\" class=\"swiper-slide-image\" src=\"https:\/\/kristinaveit.com\/wp-content\/uploads\/elementor\/thumbs\/3_MoF-Generalpause_online_c-Christian-Schuller-48-scaled-poip3z4tf2us07kgjysdlrp10lzu1j2qpuvyyh5si0.jpg\" alt=\"\u00a9Christian Schuller\" \/><\/figure><\/a><\/div><div class=\"swiper-slide\" role=\"group\" aria-roledescription=\"slide\" aria-label=\"5 von 7\" data-no-translation-aria-label=\"\"><a data-elementor-open-lightbox=\"yes\" data-elementor-lightbox-slideshow=\"1bfea81\" data-e-action-hash=\"#elementor-action%3Aaction%3Dlightbox%26settings%3DeyJpZCI6NDE2LCJ1cmwiOiJodHRwczpcL1wva3Jpc3RpbmF2ZWl0LmNvbVwvd3AtY29udGVudFwvdXBsb2Fkc1wvMjAyMlwvMDVcLzRfTW9GLUdlbmVyYWxwYXVzZV9vbmxpbmVfYy1DaHJpc3RpYW4tU2NodWxsZXItMzQtc2NhbGVkLmpwZyIsInNsaWRlc2hvdyI6IjFiZmVhODEifQ%3D%3D\" href=\"https:\/\/kristinaveit.com\/wp-content\/uploads\/2022\/05\/4_MoF-Generalpause_online_c-Christian-Schuller-34-scaled.jpg\"><figure class=\"swiper-slide-inner\"><img decoding=\"async\" class=\"swiper-slide-image\" src=\"https:\/\/kristinaveit.com\/wp-content\/uploads\/elementor\/thumbs\/4_MoF-Generalpause_online_c-Christian-Schuller-34-scaled-poip43u0d917m9dmsitig8ibzjco40leei5ecuytmw.jpg\" alt=\"\u00a9Christian Schuller\" \/><\/figure><\/a><\/div><div class=\"swiper-slide\" role=\"group\" aria-roledescription=\"slide\" aria-label=\"6 von 7\" data-no-translation-aria-label=\"\"><a data-elementor-open-lightbox=\"yes\" data-elementor-lightbox-slideshow=\"1bfea81\" data-e-action-hash=\"#elementor-action%3Aaction%3Dlightbox%26settings%3DeyJpZCI6NDE3LCJ1cmwiOiJodHRwczpcL1wva3Jpc3RpbmF2ZWl0LmNvbVwvd3AtY29udGVudFwvdXBsb2Fkc1wvMjAyMlwvMDVcLzVfTW9GLUdlbmVyYWxwYXVzZV9vbmxpbmVfYy1DaHJpc3RpYW4tU2NodWxsZXItNDUtc2NhbGVkLmpwZyIsInNsaWRlc2hvdyI6IjFiZmVhODEifQ%3D%3D\" href=\"https:\/\/kristinaveit.com\/wp-content\/uploads\/2022\/05\/5_MoF-Generalpause_online_c-Christian-Schuller-45-scaled.jpg\"><figure class=\"swiper-slide-inner\"><img decoding=\"async\" class=\"swiper-slide-image\" src=\"https:\/\/kristinaveit.com\/wp-content\/uploads\/elementor\/thumbs\/5_MoF-Generalpause_online_c-Christian-Schuller-45-scaled-poip49h1i98xjx5fvl99v733jukve77sfa2b8iqglk.jpg\" alt=\"\u00a9Christian Schuller\" \/><\/figure><\/a><\/div><div class=\"swiper-slide\" role=\"group\" aria-roledescription=\"slide\" aria-label=\"7 von 7\" data-no-translation-aria-label=\"\"><a data-elementor-open-lightbox=\"yes\" data-elementor-lightbox-slideshow=\"1bfea81\" data-e-action-hash=\"#elementor-action%3Aaction%3Dlightbox%26settings%3DeyJpZCI6NDE4LCJ1cmwiOiJodHRwczpcL1wva3Jpc3RpbmF2ZWl0LmNvbVwvd3AtY29udGVudFwvdXBsb2Fkc1wvMjAyMlwvMDVcLzZfTW9GLUdlbmVyYWxwYXVzZV9vbmxpbmVfYy1DaHJpc3RpYW4tU2NodWxsZXItMTQtc2NhbGVkLmpwZyIsInNsaWRlc2hvdyI6IjFiZmVhODEifQ%3D%3D\" href=\"https:\/\/kristinaveit.com\/wp-content\/uploads\/2022\/05\/6_MoF-Generalpause_online_c-Christian-Schuller-14-scaled.jpg\"><figure class=\"swiper-slide-inner\"><img decoding=\"async\" class=\"swiper-slide-image\" src=\"https:\/\/kristinaveit.com\/wp-content\/uploads\/elementor\/thumbs\/6_MoF-Generalpause_online_c-Christian-Schuller-14-scaled-poip4d8e9le2uczz9mvs564xxe2c8zmprso95mkvwo.jpg\" alt=\"\u00a9Christian Schuller\" \/><\/figure><\/a><\/div>\t\t\t<\/div>\n\t\t\t\t\t\t\t\t\t\t\t\t<div class=\"elementor-swiper-button elementor-swiper-button-prev\" role=\"button\" tabindex=\"0\">\n\t\t\t\t\t\t<i aria-hidden=\"true\" class=\"eicon-chevron-left\"><\/i>\t\t\t\t\t<\/div>\n\t\t\t\t\t<div class=\"elementor-swiper-button elementor-swiper-button-next\" role=\"button\" tabindex=\"0\">\n\t\t\t\t\t\t<i aria-hidden=\"true\" class=\"eicon-chevron-right\"><\/i>\t\t\t\t\t<\/div>\n\t\t\t\t\n\t\t\t\t\t\t\t\t\t<\/div>\n\t\t\t\t\t\t<\/div>\n\t\t\t\t<\/div>\n\t\t\t\t\t<\/div>\n\t\t<\/div>\n\t\t\t\t\t<\/div>\n\t\t<\/section>\n\t\t\t\t\t<\/div>\n\t\t<\/div>\n\t\t\t\t\t<\/div>\n\t\t<\/section>\n\t\t\t\t<\/div>","protected":false},"excerpt":{"rendered":"<p>GENERALPAUSE What happens when everything pauses? People and things, together? Who or what then takes on the leading role? A thicket of metal populates the stage in \u201cGeneralpause\u201d (General Intermission), together with an ensemble of traditional instruments and their boldly modified relatives, played by bodies and motors. In the midst of this landscape, sounds and [&hellip;]<\/p>","protected":false},"author":1,"featured_media":0,"parent":0,"menu_order":0,"comment_status":"closed","ping_status":"closed","template":"","meta":{"site-sidebar-layout":"no-sidebar","site-content-layout":"page-builder","ast-site-content-layout":"default","site-content-style":"default","site-sidebar-style":"default","ast-global-header-display":"","ast-banner-title-visibility":"","ast-main-header-display":"","ast-hfb-above-header-display":"","ast-hfb-below-header-display":"","ast-hfb-mobile-header-display":"","site-post-title":"disabled","ast-breadcrumbs-content":"","ast-featured-img":"disabled","footer-sml-layout":"","theme-transparent-header-meta":"","adv-header-id-meta":"","stick-header-meta":"","header-above-stick-meta":"","header-main-stick-meta":"","header-below-stick-meta":"","astra-migrate-meta-layouts":"default","ast-page-background-enabled":"default","ast-page-background-meta":{"desktop":{"background-color":"var(--ast-global-color-4)","background-image":"","background-repeat":"repeat","background-position":"center center","background-size":"auto","background-attachment":"scroll","background-type":"","background-media":"","overlay-type":"","overlay-color":"","overlay-opacity":"","overlay-gradient":""},"tablet":{"background-color":"","background-image":"","background-repeat":"repeat","background-position":"center center","background-size":"auto","background-attachment":"scroll","background-type":"","background-media":"","overlay-type":"","overlay-color":"","overlay-opacity":"","overlay-gradient":""},"mobile":{"background-color":"","background-image":"","background-repeat":"repeat","background-position":"center center","background-size":"auto","background-attachment":"scroll","background-type":"","background-media":"","overlay-type":"","overlay-color":"","overlay-opacity":"","overlay-gradient":""}},"ast-content-background-meta":{"desktop":{"background-color":"var(--ast-global-color-5)","background-image":"","background-repeat":"repeat","background-position":"center center","background-size":"auto","background-attachment":"scroll","background-type":"","background-media":"","overlay-type":"","overlay-color":"","overlay-opacity":"","overlay-gradient":""},"tablet":{"background-color":"var(--ast-global-color-5)","background-image":"","background-repeat":"repeat","background-position":"center center","background-size":"auto","background-attachment":"scroll","background-type":"","background-media":"","overlay-type":"","overlay-color":"","overlay-opacity":"","overlay-gradient":""},"mobile":{"background-color":"var(--ast-global-color-5)","background-image":"","background-repeat":"repeat","background-position":"center center","background-size":"auto","background-attachment":"scroll","background-type":"","background-media":"","overlay-type":"","overlay-color":"","overlay-opacity":"","overlay-gradient":""}},"footnotes":""},"class_list":["post-410","page","type-page","status-publish","hentry"],"aioseo_notices":[],"_links":{"self":[{"href":"https:\/\/kristinaveit.com\/de\/wp-json\/wp\/v2\/pages\/410","targetHints":{"allow":["GET"]}}],"collection":[{"href":"https:\/\/kristinaveit.com\/de\/wp-json\/wp\/v2\/pages"}],"about":[{"href":"https:\/\/kristinaveit.com\/de\/wp-json\/wp\/v2\/types\/page"}],"author":[{"embeddable":true,"href":"https:\/\/kristinaveit.com\/de\/wp-json\/wp\/v2\/users\/1"}],"replies":[{"embeddable":true,"href":"https:\/\/kristinaveit.com\/de\/wp-json\/wp\/v2\/comments?post=410"}],"version-history":[{"count":10,"href":"https:\/\/kristinaveit.com\/de\/wp-json\/wp\/v2\/pages\/410\/revisions"}],"predecessor-version":[{"id":1200,"href":"https:\/\/kristinaveit.com\/de\/wp-json\/wp\/v2\/pages\/410\/revisions\/1200"}],"wp:attachment":[{"href":"https:\/\/kristinaveit.com\/de\/wp-json\/wp\/v2\/media?parent=410"}],"curies":[{"name":"wp","href":"https:\/\/api.w.org\/{rel}","templated":true}]}}