{"id":1636,"date":"2025-09-09T16:10:37","date_gmt":"2025-09-09T14:10:37","guid":{"rendered":"https:\/\/kristinaveit.com\/?page_id=1636"},"modified":"2025-09-09T16:11:59","modified_gmt":"2025-09-09T14:11:59","slug":"in-c-community","status":"publish","type":"page","link":"https:\/\/kristinaveit.com\/de\/in-c-community\/","title":{"rendered":"In C &#8211; Community"},"content":{"rendered":"<div data-elementor-type=\"wp-page\" data-elementor-id=\"1636\" class=\"elementor elementor-1636\">\n\t\t\t\t\t\t<section class=\"elementor-section elementor-top-section elementor-element elementor-element-c91a192 elementor-section-boxed elementor-section-height-default elementor-section-height-default\" data-id=\"c91a192\" data-element_type=\"section\" data-e-type=\"section\">\n\t\t\t\t\t\t<div class=\"elementor-container elementor-column-gap-default\">\n\t\t\t\t\t<div class=\"elementor-column elementor-col-100 elementor-top-column elementor-element elementor-element-7f2987e\" data-id=\"7f2987e\" data-element_type=\"column\" data-e-type=\"column\" data-settings=\"{&quot;background_background&quot;:&quot;classic&quot;}\">\n\t\t\t<div class=\"elementor-widget-wrap elementor-element-populated\">\n\t\t\t\t\t\t<div class=\"elementor-element elementor-element-0a5cf31 elementor-widget elementor-widget-heading\" data-id=\"0a5cf31\" data-element_type=\"widget\" data-e-type=\"widget\" data-widget_type=\"heading.default\">\n\t\t\t\t<div class=\"elementor-widget-container\">\n\t\t\t\t\t<h2 class=\"elementor-heading-title elementor-size-default\">In C - Community<\/h2>\t\t\t\t<\/div>\n\t\t\t\t<\/div>\n\t\t\t\t<section class=\"elementor-section elementor-inner-section elementor-element elementor-element-6cba7e8 elementor-section-boxed elementor-section-height-default elementor-section-height-default\" data-id=\"6cba7e8\" data-element_type=\"section\" data-e-type=\"section\">\n\t\t\t\t\t\t<div class=\"elementor-container elementor-column-gap-default\">\n\t\t\t\t\t<div class=\"elementor-column elementor-col-100 elementor-inner-column elementor-element elementor-element-29c8a05\" data-id=\"29c8a05\" data-element_type=\"column\" data-e-type=\"column\">\n\t\t\t<div class=\"elementor-widget-wrap elementor-element-populated\">\n\t\t\t\t\t\t<div class=\"elementor-element elementor-element-df183e0 elementor-widget elementor-widget-text-editor\" data-id=\"df183e0\" data-element_type=\"widget\" data-e-type=\"widget\" data-widget_type=\"text-editor.default\">\n\t\t\t\t<div class=\"elementor-widget-container\">\n\t\t\t\t\t\t\t\t\t<p>Mit einer Parade und gro\u00dfen Auff\u00fchrung von rund 100 T\u00e4nzer*innen zu Livemusik begeht die SCHIRN feierlich ihren tempor\u00e4ren Umzug vom R\u00f6mer nach Frankfurt-Bockenheim.<br \/>Das partizipative Projekt \u201eIn C \u2013 Community\u201c der international renommierten Tanzcompagnie Sasha Waltz &amp; Guests er\u00f6ffnet den neuen Standort und wurde im Zusammenspiel von professionellen T\u00e4nzer*innen und Laiengruppen entwickelt.<\/p><p><br \/>Die strukturierte Improvisation \u201eIn C\u201c wurde 2021 initiiert und seitdem in unterschiedlichen Kontexten realisiert. Als Grundlage dient das gleichnamige, wegweisende Werk der Minimal Music von Terry Riley. Analog zu dieser Partitur entstand die Choreografie aus 53 variablen Bewegungsfiguren. \u201eIn C\u201c ist offen f\u00fcr Adaptionen in allen Tanzstilen, f\u00fcr Einfl\u00fcsse aus verschiedenen Kulturkreisen, f\u00fcr Profis und Amateure, f\u00fcr Jung und Alt. Die aktiv Teilnehmenden sowie die Zuschauer*innen werden Teil einer einzigartigen Performance, die die demokratischen Prinzipien von Teilhabe und Gleichberechtigung nicht nur darstellt, sondern praktiziert.<\/p><p><br \/><strong>Gef\u00f6rdert durch<\/strong> <br \/>Kulturfonds Frankfurt RheinMain<br \/>SCHIRN FREUNDE<br \/>Zus\u00e4tzliche Unterst\u00fctzung durch <br \/>Stiftung Polytechnische Gesellschaft<br \/>FAZIT-STIFTUNG<\/p>\t\t\t\t\t\t\t\t<\/div>\n\t\t\t\t<\/div>\n\t\t\t\t\t<\/div>\n\t\t<\/div>\n\t\t\t\t\t<\/div>\n\t\t<\/section>\n\t\t\t\t\t<\/div>\n\t\t<\/div>\n\t\t\t\t\t<\/div>\n\t\t<\/section>\n\t\t\t\t<\/div>","protected":false},"excerpt":{"rendered":"<p>In C &#8211; Community Mit einer Parade und gro\u00dfen Auff\u00fchrung von rund 100 T\u00e4nzer*innen zu Livemusik begeht die SCHIRN feierlich ihren tempor\u00e4ren Umzug vom R\u00f6mer nach Frankfurt-Bockenheim.Das partizipative Projekt \u201eIn C \u2013 Community\u201c der international renommierten Tanzcompagnie Sasha Waltz &amp; Guests er\u00f6ffnet den neuen Standort und wurde im Zusammenspiel von professionellen T\u00e4nzer*innen und Laiengruppen entwickelt. [&hellip;]<\/p>","protected":false},"author":1,"featured_media":0,"parent":0,"menu_order":0,"comment_status":"closed","ping_status":"closed","template":"","meta":{"site-sidebar-layout":"no-sidebar","site-content-layout":"page-builder","ast-site-content-layout":"default","site-content-style":"default","site-sidebar-style":"default","ast-global-header-display":"","ast-banner-title-visibility":"","ast-main-header-display":"","ast-hfb-above-header-display":"","ast-hfb-below-header-display":"","ast-hfb-mobile-header-display":"","site-post-title":"disabled","ast-breadcrumbs-content":"","ast-featured-img":"disabled","footer-sml-layout":"","theme-transparent-header-meta":"","adv-header-id-meta":"","stick-header-meta":"","header-above-stick-meta":"","header-main-stick-meta":"","header-below-stick-meta":"","astra-migrate-meta-layouts":"default","ast-page-background-enabled":"default","ast-page-background-meta":{"desktop":{"background-color":"var(--ast-global-color-4)","background-image":"","background-repeat":"repeat","background-position":"center center","background-size":"auto","background-attachment":"scroll","background-type":"","background-media":"","overlay-type":"","overlay-color":"","overlay-opacity":"","overlay-gradient":""},"tablet":{"background-color":"","background-image":"","background-repeat":"repeat","background-position":"center center","background-size":"auto","background-attachment":"scroll","background-type":"","background-media":"","overlay-type":"","overlay-color":"","overlay-opacity":"","overlay-gradient":""},"mobile":{"background-color":"","background-image":"","background-repeat":"repeat","background-position":"center center","background-size":"auto","background-attachment":"scroll","background-type":"","background-media":"","overlay-type":"","overlay-color":"","overlay-opacity":"","overlay-gradient":""}},"ast-content-background-meta":{"desktop":{"background-color":"var(--ast-global-color-5)","background-image":"","background-repeat":"repeat","background-position":"center center","background-size":"auto","background-attachment":"scroll","background-type":"","background-media":"","overlay-type":"","overlay-color":"","overlay-opacity":"","overlay-gradient":""},"tablet":{"background-color":"var(--ast-global-color-5)","background-image":"","background-repeat":"repeat","background-position":"center center","background-size":"auto","background-attachment":"scroll","background-type":"","background-media":"","overlay-type":"","overlay-color":"","overlay-opacity":"","overlay-gradient":""},"mobile":{"background-color":"var(--ast-global-color-5)","background-image":"","background-repeat":"repeat","background-position":"center center","background-size":"auto","background-attachment":"scroll","background-type":"","background-media":"","overlay-type":"","overlay-color":"","overlay-opacity":"","overlay-gradient":""}},"footnotes":""},"class_list":["post-1636","page","type-page","status-publish","hentry"],"aioseo_notices":[],"_links":{"self":[{"href":"https:\/\/kristinaveit.com\/de\/wp-json\/wp\/v2\/pages\/1636","targetHints":{"allow":["GET"]}}],"collection":[{"href":"https:\/\/kristinaveit.com\/de\/wp-json\/wp\/v2\/pages"}],"about":[{"href":"https:\/\/kristinaveit.com\/de\/wp-json\/wp\/v2\/types\/page"}],"author":[{"embeddable":true,"href":"https:\/\/kristinaveit.com\/de\/wp-json\/wp\/v2\/users\/1"}],"replies":[{"embeddable":true,"href":"https:\/\/kristinaveit.com\/de\/wp-json\/wp\/v2\/comments?post=1636"}],"version-history":[{"count":4,"href":"https:\/\/kristinaveit.com\/de\/wp-json\/wp\/v2\/pages\/1636\/revisions"}],"predecessor-version":[{"id":1640,"href":"https:\/\/kristinaveit.com\/de\/wp-json\/wp\/v2\/pages\/1636\/revisions\/1640"}],"wp:attachment":[{"href":"https:\/\/kristinaveit.com\/de\/wp-json\/wp\/v2\/media?parent=1636"}],"curies":[{"name":"wp","href":"https:\/\/api.w.org\/{rel}","templated":true}]}}