{"id":1594,"date":"2024-10-24T16:17:00","date_gmt":"2024-10-24T14:17:00","guid":{"rendered":"https:\/\/kristinaveit.com\/?page_id=1594"},"modified":"2025-02-06T11:36:43","modified_gmt":"2025-02-06T10:36:43","slug":"und-immer-weiter-zuruck","status":"publish","type":"page","link":"https:\/\/kristinaveit.com\/de\/und-immer-weiter-zuruck\/","title":{"rendered":"und immer weiter zur\u00fcck"},"content":{"rendered":"<div data-elementor-type=\"wp-page\" data-elementor-id=\"1594\" class=\"elementor elementor-1594\">\n\t\t\t\t\t\t<section class=\"elementor-section elementor-top-section elementor-element elementor-element-c91a192 elementor-section-boxed elementor-section-height-default elementor-section-height-default\" data-id=\"c91a192\" data-element_type=\"section\" data-e-type=\"section\">\n\t\t\t\t\t\t<div class=\"elementor-container elementor-column-gap-default\">\n\t\t\t\t\t<div class=\"elementor-column elementor-col-100 elementor-top-column elementor-element elementor-element-7f2987e\" data-id=\"7f2987e\" data-element_type=\"column\" data-e-type=\"column\" data-settings=\"{&quot;background_background&quot;:&quot;classic&quot;}\">\n\t\t\t<div class=\"elementor-widget-wrap elementor-element-populated\">\n\t\t\t\t\t\t<div class=\"elementor-element elementor-element-0a5cf31 elementor-widget elementor-widget-heading\" data-id=\"0a5cf31\" data-element_type=\"widget\" data-e-type=\"widget\" data-widget_type=\"heading.default\">\n\t\t\t\t<div class=\"elementor-widget-container\">\n\t\t\t\t\t<h2 class=\"elementor-heading-title elementor-size-default\">und immer weiter zur\u00fcck<\/h2>\t\t\t\t<\/div>\n\t\t\t\t<\/div>\n\t\t\t\t<section class=\"elementor-section elementor-inner-section elementor-element elementor-element-6cba7e8 elementor-section-boxed elementor-section-height-default elementor-section-height-default\" data-id=\"6cba7e8\" data-element_type=\"section\" data-e-type=\"section\">\n\t\t\t\t\t\t<div class=\"elementor-container elementor-column-gap-default\">\n\t\t\t\t\t<div class=\"elementor-column elementor-col-50 elementor-inner-column elementor-element elementor-element-29c8a05\" data-id=\"29c8a05\" data-element_type=\"column\" data-e-type=\"column\">\n\t\t\t<div class=\"elementor-widget-wrap elementor-element-populated\">\n\t\t\t\t\t\t<div class=\"elementor-element elementor-element-df183e0 elementor-widget elementor-widget-text-editor\" data-id=\"df183e0\" data-element_type=\"widget\" data-e-type=\"widget\" data-widget_type=\"text-editor.default\">\n\t\t\t\t<div class=\"elementor-widget-container\">\n\t\t\t\t\t\t\t\t\t<p><span style=\"font-weight: 400;\">Schreiben ist eine Bewegung. Sei es klassisch, mit einem F\u00fcllfederhalter in der Hand, der auf einen Bogen Papier dr\u00fcckt, oder mit Fingern \u00fcber einer Tastatur. Schon immer galt, ohne Bewegung entsteht keine Schrift. Und umgekehrt, ohne Schriften und die darin enthaltene Sprengkraft der Ideen steuert eine Gesellschaft nur selten in neue Richtungen, oder simpler ausgedr\u00fcckt, sie setzt sich nicht in Bewegung. Diesen Zusammenhang zu erforschen und performativ zu durchdringen ist ein Kernaspekt der Produktion \u201eund immer weiter zur\u00fcck&#8221;. Wir hinterfragen, inwieweit Sprache und Tanz sich nat\u00fcrlich erg\u00e4nzen, wie innig sie miteinander verwoben sind, bzw. ob es Grenzen gibt, auf die man st\u00f6\u00dft, deren Reibung wiederum neue Energie freisetzen kann.<\/span><\/p><p>\u00a0<\/p><p><span style=\"font-weight: 400;\">Writing is a movement. Be it classic, with a fountain pen in hand pressing on a sheet of paper, or with fingers over a keyboard. It has always been true that writing cannot be created without movement. And vice versa, without writings and the explosive power of ideas they contain, a society rarely steers in new directions, or to put it more simply, it does not set itself in motion. Exploring this connection and penetrating it performatively is a core aspect of the production &#8220;and ever further back&#8221;. We question the extent to which language and dance naturally complement each other, how intimately they are interwoven, and whether there are limits that one encounters. whose friction can in turn release new energy.<\/span><\/p><p>\u00a0<\/p><p><span style=\"font-weight: 400;\"><strong>from and with:<\/strong> Kristina Veit, Dalibor Markovi\u0107, Achim Steffenhagen, Kristin Lohmann<\/span><\/p><p><span style=\"font-weight: 400;\"><strong>photos:<\/strong> J\u00f6rg Baumann<\/span><\/p><p><span style=\"font-weight: 400;\"><strong>supported from:<\/strong> Kulturamt Stadt Frankfurt am Main, Studio Naxos,\u00a0 rehearsed in Z Zentrum f\u00fcr Proben und Forschung- ID_Frankfurt e.V.<\/span><\/p>\t\t\t\t\t\t\t\t<\/div>\n\t\t\t\t<\/div>\n\t\t\t\t<div class=\"elementor-element elementor-element-b2a680e elementor-hidden-mobile elementor-widget elementor-widget-spacer\" data-id=\"b2a680e\" data-element_type=\"widget\" data-e-type=\"widget\" data-widget_type=\"spacer.default\">\n\t\t\t\t<div class=\"elementor-widget-container\">\n\t\t\t\t\t\t\t<div class=\"elementor-spacer\">\n\t\t\t<div class=\"elementor-spacer-inner\"><\/div>\n\t\t<\/div>\n\t\t\t\t\t\t<\/div>\n\t\t\t\t<\/div>\n\t\t\t\t<div class=\"elementor-element elementor-element-1315618 elementor-widget elementor-widget-image\" data-id=\"1315618\" data-element_type=\"widget\" data-e-type=\"widget\" data-widget_type=\"image.default\">\n\t\t\t\t<div class=\"elementor-widget-container\">\n\t\t\t\t\t\t\t\t\t\t\t\t\t\t\t<img fetchpriority=\"high\" decoding=\"async\" width=\"1024\" height=\"707\" src=\"https:\/\/kristinaveit.com\/wp-content\/uploads\/2025\/02\/cropped_240503-naxos_und_immer_weiter_zuruck_105x148-01RZ-1_Seite_2-1024x707.jpg\" class=\"attachment-large size-large wp-image-1612\" alt=\"\" srcset=\"https:\/\/kristinaveit.com\/wp-content\/uploads\/2025\/02\/cropped_240503-naxos_und_immer_weiter_zuruck_105x148-01RZ-1_Seite_2-1024x707.jpg 1024w, https:\/\/kristinaveit.com\/wp-content\/uploads\/2025\/02\/cropped_240503-naxos_und_immer_weiter_zuruck_105x148-01RZ-1_Seite_2-300x207.jpg 300w, https:\/\/kristinaveit.com\/wp-content\/uploads\/2025\/02\/cropped_240503-naxos_und_immer_weiter_zuruck_105x148-01RZ-1_Seite_2-768x530.jpg 768w, https:\/\/kristinaveit.com\/wp-content\/uploads\/2025\/02\/cropped_240503-naxos_und_immer_weiter_zuruck_105x148-01RZ-1_Seite_2-18x12.jpg 18w, https:\/\/kristinaveit.com\/wp-content\/uploads\/2025\/02\/cropped_240503-naxos_und_immer_weiter_zuruck_105x148-01RZ-1_Seite_2.jpg 1273w\" sizes=\"(max-width: 1024px) 100vw, 1024px\" \/>\t\t\t\t\t\t\t\t\t\t\t\t\t\t\t<\/div>\n\t\t\t\t<\/div>\n\t\t\t\t\t<\/div>\n\t\t<\/div>\n\t\t\t\t<div class=\"elementor-column elementor-col-50 elementor-inner-column elementor-element elementor-element-c981e31\" data-id=\"c981e31\" data-element_type=\"column\" data-e-type=\"column\">\n\t\t\t<div class=\"elementor-widget-wrap elementor-element-populated\">\n\t\t\t\t\t\t<div class=\"elementor-element elementor-element-e00c4a4 elementor-widget elementor-widget-image\" data-id=\"e00c4a4\" data-element_type=\"widget\" data-e-type=\"widget\" data-widget_type=\"image.default\">\n\t\t\t\t<div class=\"elementor-widget-container\">\n\t\t\t\t\t\t\t\t\t\t\t\t\t\t\t<img decoding=\"async\" width=\"730\" height=\"1024\" src=\"https:\/\/kristinaveit.com\/wp-content\/uploads\/2025\/02\/240503-naxos_und_immer_weiter_zuruck_105x148-01RZ-1_Seite_1-730x1024.jpg\" class=\"attachment-large size-large wp-image-1608\" alt=\"\" srcset=\"https:\/\/kristinaveit.com\/wp-content\/uploads\/2025\/02\/240503-naxos_und_immer_weiter_zuruck_105x148-01RZ-1_Seite_1-730x1024.jpg 730w, https:\/\/kristinaveit.com\/wp-content\/uploads\/2025\/02\/240503-naxos_und_immer_weiter_zuruck_105x148-01RZ-1_Seite_1-214x300.jpg 214w, https:\/\/kristinaveit.com\/wp-content\/uploads\/2025\/02\/240503-naxos_und_immer_weiter_zuruck_105x148-01RZ-1_Seite_1-768x1077.jpg 768w, https:\/\/kristinaveit.com\/wp-content\/uploads\/2025\/02\/240503-naxos_und_immer_weiter_zuruck_105x148-01RZ-1_Seite_1-1096x1536.jpg 1096w, https:\/\/kristinaveit.com\/wp-content\/uploads\/2025\/02\/240503-naxos_und_immer_weiter_zuruck_105x148-01RZ-1_Seite_1-1461x2048.jpg 1461w, https:\/\/kristinaveit.com\/wp-content\/uploads\/2025\/02\/240503-naxos_und_immer_weiter_zuruck_105x148-01RZ-1_Seite_1-9x12.jpg 9w, https:\/\/kristinaveit.com\/wp-content\/uploads\/2025\/02\/240503-naxos_und_immer_weiter_zuruck_105x148-01RZ-1_Seite_1.jpg 1622w\" sizes=\"(max-width: 730px) 100vw, 730px\" \/>\t\t\t\t\t\t\t\t\t\t\t\t\t\t\t<\/div>\n\t\t\t\t<\/div>\n\t\t\t\t<div class=\"elementor-element elementor-element-1bfea81 elementor-arrows-position-inside elementor-widget elementor-widget-image-carousel\" data-id=\"1bfea81\" data-element_type=\"widget\" data-e-type=\"widget\" data-settings=\"{&quot;slides_to_show&quot;:&quot;1&quot;,&quot;navigation&quot;:&quot;arrows&quot;,&quot;autoplay&quot;:&quot;yes&quot;,&quot;pause_on_hover&quot;:&quot;yes&quot;,&quot;pause_on_interaction&quot;:&quot;yes&quot;,&quot;autoplay_speed&quot;:5000,&quot;infinite&quot;:&quot;yes&quot;,&quot;effect&quot;:&quot;slide&quot;,&quot;speed&quot;:500}\" data-widget_type=\"image-carousel.default\">\n\t\t\t\t<div class=\"elementor-widget-container\">\n\t\t\t\t\t\t\t<div class=\"elementor-image-carousel-wrapper swiper\" role=\"region\" aria-roledescription=\"carousel\" aria-label=\"Image Carousel\" dir=\"ltr\">\n\t\t\t<div class=\"elementor-image-carousel swiper-wrapper\" aria-live=\"off\">\n\t\t\t\t\t\t\t\t<div class=\"swiper-slide\" role=\"group\" aria-roledescription=\"slide\" aria-label=\"1 of 14\"><a data-elementor-open-lightbox=\"yes\" data-elementor-lightbox-slideshow=\"1bfea81\" data-e-action-hash=\"#elementor-action%3Aaction%3Dlightbox%26settings%3DeyJpZCI6MTU4MiwidXJsIjoiaHR0cHM6XC9cL2tyaXN0aW5hdmVpdC5jb21cL3dwLWNvbnRlbnRcL3VwbG9hZHNcLzIwMjRcLzEwXC91bmQtaW1tZXItd2VpdGVyLXp1cnVlY2tfXzExMDIuanBnIiwic2xpZGVzaG93IjoiMWJmZWE4MSJ9\" href=\"https:\/\/kristinaveit.com\/wp-content\/uploads\/2024\/10\/und-immer-weiter-zurueck__1102.jpg\"><figure class=\"swiper-slide-inner\"><img decoding=\"async\" class=\"swiper-slide-image\" src=\"https:\/\/kristinaveit.com\/wp-content\/uploads\/elementor\/thumbs\/und-immer-weiter-zurueck__1102-qw17xlzmrc9n28zmuz9h8fhlb1ejrqh76dmz7z60so.jpg\" alt=\"und-immer-weiter-zurueck__1102\" \/><\/figure><\/a><\/div><div class=\"swiper-slide\" role=\"group\" aria-roledescription=\"slide\" aria-label=\"2 of 14\"><a data-elementor-open-lightbox=\"yes\" data-elementor-lightbox-slideshow=\"1bfea81\" data-e-action-hash=\"#elementor-action%3Aaction%3Dlightbox%26settings%3DeyJpZCI6MTU4MSwidXJsIjoiaHR0cHM6XC9cL2tyaXN0aW5hdmVpdC5jb21cL3dwLWNvbnRlbnRcL3VwbG9hZHNcLzIwMjRcLzEwXC91bmQtaW1tZXItd2VpdGVyLXp1cnVlY2tfXzEwNDcuanBnIiwic2xpZGVzaG93IjoiMWJmZWE4MSJ9\" href=\"https:\/\/kristinaveit.com\/wp-content\/uploads\/2024\/10\/und-immer-weiter-zurueck__1047.jpg\"><figure class=\"swiper-slide-inner\"><img decoding=\"async\" class=\"swiper-slide-image\" src=\"https:\/\/kristinaveit.com\/wp-content\/uploads\/elementor\/thumbs\/und-immer-weiter-zurueck__1047-qw17xk3ydo72f12d5yg83fyo49ntcc9qi4c09f8t54.jpg\" alt=\"und-immer-weiter-zurueck__1047\" \/><\/figure><\/a><\/div><div class=\"swiper-slide\" role=\"group\" aria-roledescription=\"slide\" aria-label=\"3 of 14\"><a data-elementor-open-lightbox=\"yes\" data-elementor-lightbox-slideshow=\"1bfea81\" data-e-action-hash=\"#elementor-action%3Aaction%3Dlightbox%26settings%3DeyJpZCI6MTU4MCwidXJsIjoiaHR0cHM6XC9cL2tyaXN0aW5hdmVpdC5jb21cL3dwLWNvbnRlbnRcL3VwbG9hZHNcLzIwMjRcLzEwXC91bmQtaW1tZXItd2VpdGVyLXp1cnVlY2tfXzEwMzIuanBnIiwic2xpZGVzaG93IjoiMWJmZWE4MSJ9\" href=\"https:\/\/kristinaveit.com\/wp-content\/uploads\/2024\/10\/und-immer-weiter-zurueck__1032.jpg\"><figure class=\"swiper-slide-inner\"><img decoding=\"async\" class=\"swiper-slide-image\" src=\"https:\/\/kristinaveit.com\/wp-content\/uploads\/elementor\/thumbs\/und-immer-weiter-zurueck__1032-qw17xj646u5s3f3qbg1liy77ivsg4n605zois5a7bc.jpg\" alt=\"und-immer-weiter-zurueck__1032\" \/><\/figure><\/a><\/div><div class=\"swiper-slide\" role=\"group\" aria-roledescription=\"slide\" aria-label=\"4 of 14\"><a data-elementor-open-lightbox=\"yes\" data-elementor-lightbox-slideshow=\"1bfea81\" data-e-action-hash=\"#elementor-action%3Aaction%3Dlightbox%26settings%3DeyJpZCI6MTU3OSwidXJsIjoiaHR0cHM6XC9cL2tyaXN0aW5hdmVpdC5jb21cL3dwLWNvbnRlbnRcL3VwbG9hZHNcLzIwMjRcLzEwXC91bmQtaW1tZXItd2VpdGVyLXp1cnVlY2tfXzA5OTcuanBnIiwic2xpZGVzaG93IjoiMWJmZWE4MSJ9\" href=\"https:\/\/kristinaveit.com\/wp-content\/uploads\/2024\/10\/und-immer-weiter-zurueck__0997.jpg\"><figure class=\"swiper-slide-inner\"><img decoding=\"async\" class=\"swiper-slide-image\" src=\"https:\/\/kristinaveit.com\/wp-content\/uploads\/elementor\/thumbs\/und-immer-weiter-zurueck__0997-qw17xi8a004hrt53gxmyygfqxhx2wy29tv11avblhk.jpg\" alt=\"und-immer-weiter-zurueck__0997\" \/><\/figure><\/a><\/div><div class=\"swiper-slide\" role=\"group\" aria-roledescription=\"slide\" aria-label=\"5 of 14\"><a data-elementor-open-lightbox=\"yes\" data-elementor-lightbox-slideshow=\"1bfea81\" data-e-action-hash=\"#elementor-action%3Aaction%3Dlightbox%26settings%3DeyJpZCI6MTU3OCwidXJsIjoiaHR0cHM6XC9cL2tyaXN0aW5hdmVpdC5jb21cL3dwLWNvbnRlbnRcL3VwbG9hZHNcLzIwMjRcLzEwXC91bmQtaW1tZXItd2VpdGVyLXp1cnVlY2tfXzA4NDYuanBnIiwic2xpZGVzaG93IjoiMWJmZWE4MSJ9\" href=\"https:\/\/kristinaveit.com\/wp-content\/uploads\/2024\/10\/und-immer-weiter-zurueck__0846.jpg\"><figure class=\"swiper-slide-inner\"><img decoding=\"async\" class=\"swiper-slide-image\" src=\"https:\/\/kristinaveit.com\/wp-content\/uploads\/elementor\/thumbs\/und-immer-weiter-zurueck__0846-qw17xgclmc1x4l7trwtptgwtqq6chjut5lq2cbedu0.jpg\" alt=\"und-immer-weiter-zurueck__0846\" \/><\/figure><\/a><\/div><div class=\"swiper-slide\" role=\"group\" aria-roledescription=\"slide\" aria-label=\"6 of 14\"><a data-elementor-open-lightbox=\"yes\" data-elementor-lightbox-slideshow=\"1bfea81\" data-e-action-hash=\"#elementor-action%3Aaction%3Dlightbox%26settings%3DeyJpZCI6MTU3NywidXJsIjoiaHR0cHM6XC9cL2tyaXN0aW5hdmVpdC5jb21cL3dwLWNvbnRlbnRcL3VwbG9hZHNcLzIwMjRcLzEwXC91bmQtaW1tZXItd2VpdGVyLXp1cnVlY2tfXzA3NTUuanBnIiwic2xpZGVzaG93IjoiMWJmZWE4MSJ9\" href=\"https:\/\/kristinaveit.com\/wp-content\/uploads\/2024\/10\/und-immer-weiter-zurueck__0755.jpg\"><figure class=\"swiper-slide-inner\"><img decoding=\"async\" class=\"swiper-slide-image\" src=\"https:\/\/kristinaveit.com\/wp-content\/uploads\/elementor\/thumbs\/und-immer-weiter-zurueck__0755-qw17xegx8nzchdak2w0gohdwjyfm25nchcf3drh66g.jpg\" alt=\"und-immer-weiter-zurueck__0755\" \/><\/figure><\/a><\/div><div class=\"swiper-slide\" role=\"group\" aria-roledescription=\"slide\" aria-label=\"7 of 14\"><a data-elementor-open-lightbox=\"yes\" data-elementor-lightbox-slideshow=\"1bfea81\" data-e-action-hash=\"#elementor-action%3Aaction%3Dlightbox%26settings%3DeyJpZCI6MTU3NiwidXJsIjoiaHR0cHM6XC9cL2tyaXN0aW5hdmVpdC5jb21cL3dwLWNvbnRlbnRcL3VwbG9hZHNcLzIwMjRcLzEwXC91bmQtaW1tZXItd2VpdGVyLXp1cnVlY2tfXzA2MDkuanBnIiwic2xpZGVzaG93IjoiMWJmZWE4MSJ9\" href=\"https:\/\/kristinaveit.com\/wp-content\/uploads\/2024\/10\/und-immer-weiter-zurueck__0609.jpg\"><figure class=\"swiper-slide-inner\"><img decoding=\"async\" class=\"swiper-slide-image\" src=\"https:\/\/kristinaveit.com\/wp-content\/uploads\/elementor\/thumbs\/und-immer-weiter-zurueck__0609-qw17xcl8uzwru5dadv77jhuzd6ovmrfvt344f7jyiw.jpg\" alt=\"und-immer-weiter-zurueck__0609\" \/><\/figure><\/a><\/div><div class=\"swiper-slide\" role=\"group\" aria-roledescription=\"slide\" aria-label=\"8 of 14\"><a data-elementor-open-lightbox=\"yes\" data-elementor-lightbox-slideshow=\"1bfea81\" data-e-action-hash=\"#elementor-action%3Aaction%3Dlightbox%26settings%3DeyJpZCI6MTU3NSwidXJsIjoiaHR0cHM6XC9cL2tyaXN0aW5hdmVpdC5jb21cL3dwLWNvbnRlbnRcL3VwbG9hZHNcLzIwMjRcLzEwXC91bmQtaW1tZXItd2VpdGVyLXp1cnVlY2tfXzA1MDkuanBnIiwic2xpZGVzaG93IjoiMWJmZWE4MSJ9\" href=\"https:\/\/kristinaveit.com\/wp-content\/uploads\/2024\/10\/und-immer-weiter-zurueck__0509.jpg\"><figure class=\"swiper-slide-inner\"><img decoding=\"async\" class=\"swiper-slide-image\" src=\"https:\/\/kristinaveit.com\/wp-content\/uploads\/elementor\/thumbs\/und-immer-weiter-zurueck__0509-qw17xbneo5vhijenjcskz03irstif2c5gygmxxlcp4.jpg\" alt=\"und-immer-weiter-zurueck__0509\" \/><\/figure><\/a><\/div><div class=\"swiper-slide\" role=\"group\" aria-roledescription=\"slide\" aria-label=\"9 of 14\"><a data-elementor-open-lightbox=\"yes\" data-elementor-lightbox-slideshow=\"1bfea81\" data-e-action-hash=\"#elementor-action%3Aaction%3Dlightbox%26settings%3DeyJpZCI6MTU3NCwidXJsIjoiaHR0cHM6XC9cL2tyaXN0aW5hdmVpdC5jb21cL3dwLWNvbnRlbnRcL3VwbG9hZHNcLzIwMjRcLzEwXC91bmQtaW1tZXItd2VpdGVyLXp1cnVlY2tfXzAyNzEuanBnIiwic2xpZGVzaG93IjoiMWJmZWE4MSJ9\" href=\"https:\/\/kristinaveit.com\/wp-content\/uploads\/2024\/10\/und-immer-weiter-zurueck__0271.jpg\"><figure class=\"swiper-slide-inner\"><img decoding=\"async\" class=\"swiper-slide-image\" src=\"https:\/\/kristinaveit.com\/wp-content\/uploads\/elementor\/thumbs\/und-immer-weiter-zurueck__0271-qw17xapkhbu76xg0oudyeic26ey57d8f4tt5gnmqvc.jpg\" alt=\"und-immer-weiter-zurueck__0271\" \/><\/figure><\/a><\/div><div class=\"swiper-slide\" role=\"group\" aria-roledescription=\"slide\" aria-label=\"10 of 14\"><a data-elementor-open-lightbox=\"yes\" data-elementor-lightbox-slideshow=\"1bfea81\" data-e-action-hash=\"#elementor-action%3Aaction%3Dlightbox%26settings%3DeyJpZCI6MTU3MywidXJsIjoiaHR0cHM6XC9cL2tyaXN0aW5hdmVpdC5jb21cL3dwLWNvbnRlbnRcL3VwbG9hZHNcLzIwMjRcLzEwXC91bmQtaW1tZXItd2VpdGVyLXp1cnVlY2tfXzAyNjQuanBnIiwic2xpZGVzaG93IjoiMWJmZWE4MSJ9\" href=\"https:\/\/kristinaveit.com\/wp-content\/uploads\/2024\/10\/und-immer-weiter-zurueck__0264.jpg\"><figure class=\"swiper-slide-inner\"><img decoding=\"async\" class=\"swiper-slide-image\" src=\"https:\/\/kristinaveit.com\/wp-content\/uploads\/elementor\/thumbs\/und-immer-weiter-zurueck__0264-qw17x8tw3nrmjpiqztkp9it4zn7erz0ygki6i3pj7s.jpg\" alt=\"und-immer-weiter-zurueck__0264\" \/><\/figure><\/a><\/div><div class=\"swiper-slide\" role=\"group\" aria-roledescription=\"slide\" aria-label=\"11 of 14\"><a data-elementor-open-lightbox=\"yes\" data-elementor-lightbox-slideshow=\"1bfea81\" data-e-action-hash=\"#elementor-action%3Aaction%3Dlightbox%26settings%3DeyJpZCI6MTU3MiwidXJsIjoiaHR0cHM6XC9cL2tyaXN0aW5hdmVpdC5jb21cL3dwLWNvbnRlbnRcL3VwbG9hZHNcLzIwMjRcLzEwXC91bmQtaW1tZXItd2VpdGVyLXp1cnVlY2tfXzAyNDQuanBnIiwic2xpZGVzaG93IjoiMWJmZWE4MSJ9\" href=\"https:\/\/kristinaveit.com\/wp-content\/uploads\/2024\/10\/und-immer-weiter-zurueck__0244.jpg\"><figure class=\"swiper-slide-inner\"><img decoding=\"async\" class=\"swiper-slide-image\" src=\"https:\/\/kristinaveit.com\/wp-content\/uploads\/elementor\/thumbs\/und-immer-weiter-zurueck__0244-qw17x7w1wtqc83k45b62p11oe9c1k9x84fup0tqxe0.jpg\" alt=\"und-immer-weiter-zurueck__0244\" \/><\/figure><\/a><\/div><div class=\"swiper-slide\" role=\"group\" aria-roledescription=\"slide\" aria-label=\"12 of 14\"><a data-elementor-open-lightbox=\"yes\" data-elementor-lightbox-slideshow=\"1bfea81\" data-e-action-hash=\"#elementor-action%3Aaction%3Dlightbox%26settings%3DeyJpZCI6MTU3MSwidXJsIjoiaHR0cHM6XC9cL2tyaXN0aW5hdmVpdC5jb21cL3dwLWNvbnRlbnRcL3VwbG9hZHNcLzIwMjRcLzEwXC91bmQtaW1tZXItd2VpdGVyLXp1cnVlY2tfXzAxNzMuanBnIiwic2xpZGVzaG93IjoiMWJmZWE4MSJ9\" href=\"https:\/\/kristinaveit.com\/wp-content\/uploads\/2024\/10\/und-immer-weiter-zurueck__0173.jpg\"><figure class=\"swiper-slide-inner\"><img decoding=\"async\" class=\"swiper-slide-image\" src=\"https:\/\/kristinaveit.com\/wp-content\/uploads\/elementor\/thumbs\/und-immer-weiter-zurueck__0173-qw17x6y7pzp1whlhasrg4ja7svgockthsb77jjsbk8.jpg\" alt=\"und-immer-weiter-zurueck__0173\" \/><\/figure><\/a><\/div><div class=\"swiper-slide\" role=\"group\" aria-roledescription=\"slide\" aria-label=\"13 of 14\"><a data-elementor-open-lightbox=\"yes\" data-elementor-lightbox-slideshow=\"1bfea81\" data-e-action-hash=\"#elementor-action%3Aaction%3Dlightbox%26settings%3DeyJpZCI6MTU3MCwidXJsIjoiaHR0cHM6XC9cL2tyaXN0aW5hdmVpdC5jb21cL3dwLWNvbnRlbnRcL3VwbG9hZHNcLzIwMjRcLzEwXC91bmQtaW1tZXItd2VpdGVyLXp1cnVlY2tfXzAxNTQuanBnIiwic2xpZGVzaG93IjoiMWJmZWE4MSJ9\" href=\"https:\/\/kristinaveit.com\/wp-content\/uploads\/2024\/10\/und-immer-weiter-zurueck__0154.jpg\"><figure class=\"swiper-slide-inner\"><img decoding=\"async\" class=\"swiper-slide-image\" src=\"https:\/\/kristinaveit.com\/wp-content\/uploads\/elementor\/thumbs\/und-immer-weiter-zurueck__0154-qw17x52jcbmh99o7lry6zjram3pxx6m141w8kzv3wo.jpg\" alt=\"und-immer-weiter-zurueck__0154\" \/><\/figure><\/a><\/div><div class=\"swiper-slide\" role=\"group\" aria-roledescription=\"slide\" aria-label=\"14 of 14\"><a data-elementor-open-lightbox=\"yes\" data-elementor-lightbox-slideshow=\"1bfea81\" data-e-action-hash=\"#elementor-action%3Aaction%3Dlightbox%26settings%3DeyJpZCI6MTU2OSwidXJsIjoiaHR0cHM6XC9cL2tyaXN0aW5hdmVpdC5jb21cL3dwLWNvbnRlbnRcL3VwbG9hZHNcLzIwMjRcLzEwXC91bmQtaW1tZXItd2VpdGVyLXp1cnVlY2tfXzAwODAuanBnIiwic2xpZGVzaG93IjoiMWJmZWE4MSJ9\" href=\"https:\/\/kristinaveit.com\/wp-content\/uploads\/2024\/10\/und-immer-weiter-zurueck__0080.jpg\"><figure class=\"swiper-slide-inner\"><img decoding=\"async\" class=\"swiper-slide-image\" src=\"https:\/\/kristinaveit.com\/wp-content\/uploads\/elementor\/thumbs\/und-immer-weiter-zurueck__0080-qw17x44p5hl6xnpkr9jkf1zu0pukphiarx8r3pwi2w.jpg\" alt=\"und-immer-weiter-zurueck__0080\" \/><\/figure><\/a><\/div>\t\t\t<\/div>\n\t\t\t\t\t\t\t\t\t\t\t\t<div class=\"elementor-swiper-button elementor-swiper-button-prev\" role=\"button\" tabindex=\"0\">\n\t\t\t\t\t\t<i aria-hidden=\"true\" class=\"eicon-chevron-left\"><\/i>\t\t\t\t\t<\/div>\n\t\t\t\t\t<div class=\"elementor-swiper-button elementor-swiper-button-next\" role=\"button\" tabindex=\"0\">\n\t\t\t\t\t\t<i aria-hidden=\"true\" class=\"eicon-chevron-right\"><\/i>\t\t\t\t\t<\/div>\n\t\t\t\t\n\t\t\t\t\t\t\t\t\t<\/div>\n\t\t\t\t\t\t<\/div>\n\t\t\t\t<\/div>\n\t\t\t\t\t<\/div>\n\t\t<\/div>\n\t\t\t\t\t<\/div>\n\t\t<\/section>\n\t\t\t\t\t<\/div>\n\t\t<\/div>\n\t\t\t\t\t<\/div>\n\t\t<\/section>\n\t\t\t\t<\/div>","protected":false},"excerpt":{"rendered":"<p>und immer weiter zur\u00fcck Schreiben ist eine Bewegung. Sei es klassisch, mit einem F\u00fcllfederhalter in der Hand, der auf einen Bogen Papier dr\u00fcckt, oder mit Fingern \u00fcber einer Tastatur. Schon immer galt, ohne Bewegung entsteht keine Schrift. Und umgekehrt, ohne Schriften und die darin enthaltene Sprengkraft der Ideen steuert eine Gesellschaft nur selten in neue [&hellip;]<\/p>","protected":false},"author":1,"featured_media":0,"parent":0,"menu_order":0,"comment_status":"closed","ping_status":"closed","template":"","meta":{"site-sidebar-layout":"no-sidebar","site-content-layout":"page-builder","ast-site-content-layout":"default","site-content-style":"default","site-sidebar-style":"default","ast-global-header-display":"","ast-banner-title-visibility":"","ast-main-header-display":"","ast-hfb-above-header-display":"","ast-hfb-below-header-display":"","ast-hfb-mobile-header-display":"","site-post-title":"disabled","ast-breadcrumbs-content":"","ast-featured-img":"disabled","footer-sml-layout":"","theme-transparent-header-meta":"","adv-header-id-meta":"","stick-header-meta":"","header-above-stick-meta":"","header-main-stick-meta":"","header-below-stick-meta":"","astra-migrate-meta-layouts":"default","ast-page-background-enabled":"default","ast-page-background-meta":{"desktop":{"background-color":"var(--ast-global-color-4)","background-image":"","background-repeat":"repeat","background-position":"center center","background-size":"auto","background-attachment":"scroll","background-type":"","background-media":"","overlay-type":"","overlay-color":"","overlay-opacity":"","overlay-gradient":""},"tablet":{"background-color":"","background-image":"","background-repeat":"repeat","background-position":"center center","background-size":"auto","background-attachment":"scroll","background-type":"","background-media":"","overlay-type":"","overlay-color":"","overlay-opacity":"","overlay-gradient":""},"mobile":{"background-color":"","background-image":"","background-repeat":"repeat","background-position":"center center","background-size":"auto","background-attachment":"scroll","background-type":"","background-media":"","overlay-type":"","overlay-color":"","overlay-opacity":"","overlay-gradient":""}},"ast-content-background-meta":{"desktop":{"background-color":"var(--ast-global-color-5)","background-image":"","background-repeat":"repeat","background-position":"center center","background-size":"auto","background-attachment":"scroll","background-type":"","background-media":"","overlay-type":"","overlay-color":"","overlay-opacity":"","overlay-gradient":""},"tablet":{"background-color":"var(--ast-global-color-5)","background-image":"","background-repeat":"repeat","background-position":"center center","background-size":"auto","background-attachment":"scroll","background-type":"","background-media":"","overlay-type":"","overlay-color":"","overlay-opacity":"","overlay-gradient":""},"mobile":{"background-color":"var(--ast-global-color-5)","background-image":"","background-repeat":"repeat","background-position":"center center","background-size":"auto","background-attachment":"scroll","background-type":"","background-media":"","overlay-type":"","overlay-color":"","overlay-opacity":"","overlay-gradient":""}},"footnotes":""},"class_list":["post-1594","page","type-page","status-publish","hentry"],"aioseo_notices":[],"_links":{"self":[{"href":"https:\/\/kristinaveit.com\/de\/wp-json\/wp\/v2\/pages\/1594","targetHints":{"allow":["GET"]}}],"collection":[{"href":"https:\/\/kristinaveit.com\/de\/wp-json\/wp\/v2\/pages"}],"about":[{"href":"https:\/\/kristinaveit.com\/de\/wp-json\/wp\/v2\/types\/page"}],"author":[{"embeddable":true,"href":"https:\/\/kristinaveit.com\/de\/wp-json\/wp\/v2\/users\/1"}],"replies":[{"embeddable":true,"href":"https:\/\/kristinaveit.com\/de\/wp-json\/wp\/v2\/comments?post=1594"}],"version-history":[{"count":10,"href":"https:\/\/kristinaveit.com\/de\/wp-json\/wp\/v2\/pages\/1594\/revisions"}],"predecessor-version":[{"id":1619,"href":"https:\/\/kristinaveit.com\/de\/wp-json\/wp\/v2\/pages\/1594\/revisions\/1619"}],"wp:attachment":[{"href":"https:\/\/kristinaveit.com\/de\/wp-json\/wp\/v2\/media?parent=1594"}],"curies":[{"name":"wp","href":"https:\/\/api.w.org\/{rel}","templated":true}]}}