{"id":1586,"date":"2024-10-24T16:11:20","date_gmt":"2024-10-24T14:11:20","guid":{"rendered":"https:\/\/kristinaveit.com\/?page_id=1586"},"modified":"2024-10-24T16:16:06","modified_gmt":"2024-10-24T14:16:06","slug":"gange-ins-gebuck","status":"publish","type":"page","link":"https:\/\/kristinaveit.com\/de\/gange-ins-gebuck\/","title":{"rendered":"G\u00e4nge ins Geb\u00fcck"},"content":{"rendered":"<div data-elementor-type=\"wp-page\" data-elementor-id=\"1586\" class=\"elementor elementor-1586\">\n\t\t\t\t\t\t<section class=\"elementor-section elementor-top-section elementor-element elementor-element-c91a192 elementor-section-boxed elementor-section-height-default elementor-section-height-default\" data-id=\"c91a192\" data-element_type=\"section\" data-e-type=\"section\">\n\t\t\t\t\t\t<div class=\"elementor-container elementor-column-gap-default\">\n\t\t\t\t\t<div class=\"elementor-column elementor-col-100 elementor-top-column elementor-element elementor-element-7f2987e\" data-id=\"7f2987e\" data-element_type=\"column\" data-e-type=\"column\" data-settings=\"{&quot;background_background&quot;:&quot;classic&quot;}\">\n\t\t\t<div class=\"elementor-widget-wrap elementor-element-populated\">\n\t\t\t\t\t\t<div class=\"elementor-element elementor-element-0a5cf31 elementor-widget elementor-widget-heading\" data-id=\"0a5cf31\" data-element_type=\"widget\" data-e-type=\"widget\" data-widget_type=\"heading.default\">\n\t\t\t\t<div class=\"elementor-widget-container\">\n\t\t\t\t\t<h2 class=\"elementor-heading-title elementor-size-default\">G\u00e4nge ins Geb\u00fcck<\/h2>\t\t\t\t<\/div>\n\t\t\t\t<\/div>\n\t\t\t\t<section class=\"elementor-section elementor-inner-section elementor-element elementor-element-6cba7e8 elementor-section-boxed elementor-section-height-default elementor-section-height-default\" data-id=\"6cba7e8\" data-element_type=\"section\" data-e-type=\"section\">\n\t\t\t\t\t\t<div class=\"elementor-container elementor-column-gap-default\">\n\t\t\t\t\t<div class=\"elementor-column elementor-col-50 elementor-inner-column elementor-element elementor-element-29c8a05\" data-id=\"29c8a05\" data-element_type=\"column\" data-e-type=\"column\">\n\t\t\t<div class=\"elementor-widget-wrap elementor-element-populated\">\n\t\t\t\t\t\t<div class=\"elementor-element elementor-element-df183e0 elementor-widget elementor-widget-text-editor\" data-id=\"df183e0\" data-element_type=\"widget\" data-e-type=\"widget\" data-widget_type=\"text-editor.default\">\n\t\t\t\t<div class=\"elementor-widget-container\">\n\t\t\t\t\t\t\t\t\t<p><span style=\"font-weight: 400;\">Detailed information <\/span><a href=\"https:\/\/hecken-theater.de\/\"><span style=\"font-weight: 400;\">https:\/\/hecken-theater.de\/<\/span><\/a><\/p><p>\u00a0<\/p><p><span style=\"font-weight: 400;\"><strong>von und mit:<\/strong> Friederike Thielmann, Jacob Bussmann, Jules Buchholtz, Florian Ackermann (Das Heckenprojekt)<\/span><span style=\"font-weight: 400;\"><br \/><\/span><span style=\"font-weight: 400;\"><strong>mit:<\/strong> Kristina Veit, Johanna Milz, Alexander Rischer \/\/ <strong>Mit den Stimmen von und Dank an:<\/strong> Revierf\u00f6rster Maximilian Kaller, Heimatarchivar Herbert Ujma, Naturparksleiter Andreas Wennemann und <strong>S\u00e4nger*innen aus der Region \/\/ Karte: <\/strong><\/span><a href=\"http:\/\/www.spacetimerelations.org\"><span style=\"font-weight: 400;\">Jonathan Schmidt-Colinet <\/span><\/a><span style=\"font-weight: 400;\">\/\/ <strong>Dank an:<\/strong> Martin Berner (Naturschutzwart Neckarbischofsheim), Ramon Stekler-Thiel und Sebastian Schwinge (Herrenh\u00e4user G\u00e4rten), Wander-Hasen (Probenbesuche), Julia Cloot, Uta Bigus, Sabine Stemmler-He\u00df, Barbara Lilje, Randolf He\u00df, Sandra Sziegoleit-Waldeck. Naturpark RheinTaunus, Revierf\u00f6rsterei Hallgarten, Hessen Forst.<\/span><\/p><p>\u00a0<\/p><p><span style=\"font-weight: 400;\">gef\u00f6rdert vom Kulturfonds Frankfurt RheinMain und dem Kulturamt der Stadt Frankfurt am Main, in Kooperation mit Produktionshaus Naxos und in Zusammenarbeit mit den Gemeinden Eltville, Oestrich-Winkel, Schlangenbad und Walluf<\/span><\/p><p>\u00a0<\/p><p><span style=\"font-weight: 400;\">Im Rahmen des Schwerpunkts \u201eWald\u201c des Kulturfonds RheinMain <\/span><a href=\"https:\/\/kulturfonds-frm.de\/wald\"><span style=\"font-weight: 400;\">https:\/\/kulturfonds-frm.de\/wald<\/span><\/a><\/p><p><span style=\"font-weight: 400;\"><strong>photos:<\/strong> Sopia Igel<\/span><\/p><p>\u00a0<\/p>\t\t\t\t\t\t\t\t<\/div>\n\t\t\t\t<\/div>\n\t\t\t\t\t<\/div>\n\t\t<\/div>\n\t\t\t\t<div class=\"elementor-column elementor-col-50 elementor-inner-column elementor-element elementor-element-c981e31\" data-id=\"c981e31\" data-element_type=\"column\" data-e-type=\"column\">\n\t\t\t<div class=\"elementor-widget-wrap elementor-element-populated\">\n\t\t\t\t\t\t<div class=\"elementor-element elementor-element-1bfea81 elementor-arrows-position-inside elementor-widget elementor-widget-image-carousel\" data-id=\"1bfea81\" data-element_type=\"widget\" data-e-type=\"widget\" data-settings=\"{&quot;slides_to_show&quot;:&quot;1&quot;,&quot;navigation&quot;:&quot;arrows&quot;,&quot;autoplay&quot;:&quot;yes&quot;,&quot;pause_on_hover&quot;:&quot;yes&quot;,&quot;pause_on_interaction&quot;:&quot;yes&quot;,&quot;autoplay_speed&quot;:5000,&quot;infinite&quot;:&quot;yes&quot;,&quot;effect&quot;:&quot;slide&quot;,&quot;speed&quot;:500}\" data-widget_type=\"image-carousel.default\">\n\t\t\t\t<div class=\"elementor-widget-container\">\n\t\t\t\t\t\t\t<div class=\"elementor-image-carousel-wrapper swiper\" role=\"region\" aria-roledescription=\"carousel\" aria-label=\"Bild Karussell\" dir=\"ltr\">\n\t\t\t<div class=\"elementor-image-carousel swiper-wrapper\" aria-live=\"off\">\n\t\t\t\t\t\t\t\t<div class=\"swiper-slide\" role=\"group\" aria-roledescription=\"slide\" aria-label=\"1 von 10\" data-no-translation-aria-label=\"\"><a data-elementor-open-lightbox=\"yes\" data-elementor-lightbox-slideshow=\"1bfea81\" data-e-action-hash=\"#elementor-action%3Aaction%3Dlightbox%26settings%3DeyJpZCI6MTU2NCwidXJsIjoiaHR0cHM6XC9cL2tyaXN0aW5hdmVpdC5jb21cL3dwLWNvbnRlbnRcL3VwbG9hZHNcLzIwMjRcLzEwXC9EU0MwODc2MS1zY2FsZWQuanBnIiwic2xpZGVzaG93IjoiMWJmZWE4MSJ9\" href=\"https:\/\/kristinaveit.com\/wp-content\/uploads\/2024\/10\/DSC08761-scaled.jpg\"><figure class=\"swiper-slide-inner\"><img decoding=\"async\" class=\"swiper-slide-image\" src=\"https:\/\/kristinaveit.com\/wp-content\/uploads\/elementor\/thumbs\/DSC08761-scaled-qw17ss3hmznlee082e3hx5dber7n7qauugy5fsburs.jpg\" alt=\"DSC08761\" \/><\/figure><\/a><\/div><div class=\"swiper-slide\" role=\"group\" aria-roledescription=\"slide\" aria-label=\"2 von 10\" data-no-translation-aria-label=\"\"><a data-elementor-open-lightbox=\"yes\" data-elementor-lightbox-slideshow=\"1bfea81\" data-e-action-hash=\"#elementor-action%3Aaction%3Dlightbox%26settings%3DeyJpZCI6MTU2OCwidXJsIjoiaHR0cHM6XC9cL2tyaXN0aW5hdmVpdC5jb21cL3dwLWNvbnRlbnRcL3VwbG9hZHNcLzIwMjRcLzEwXC9EU0MwOTI2Ni1zY2FsZWQuanBnIiwic2xpZGVzaG93IjoiMWJmZWE4MSJ9\" href=\"https:\/\/kristinaveit.com\/wp-content\/uploads\/2024\/10\/DSC09266-scaled.jpg\"><figure class=\"swiper-slide-inner\"><img decoding=\"async\" class=\"swiper-slide-image\" src=\"https:\/\/kristinaveit.com\/wp-content\/uploads\/elementor\/thumbs\/DSC09266-scaled-qw17t74woc86k5edmklj11kowx5imvyk8jdx47pk08.jpg\" alt=\"DSC09266\" \/><\/figure><\/a><\/div><div class=\"swiper-slide\" role=\"group\" aria-roledescription=\"slide\" aria-label=\"3 von 10\" data-no-translation-aria-label=\"\"><a data-elementor-open-lightbox=\"yes\" data-elementor-lightbox-slideshow=\"1bfea81\" data-e-action-hash=\"#elementor-action%3Aaction%3Dlightbox%26settings%3DeyJpZCI6MTU2NSwidXJsIjoiaHR0cHM6XC9cL2tyaXN0aW5hdmVpdC5jb21cL3dwLWNvbnRlbnRcL3VwbG9hZHNcLzIwMjRcLzEwXC9EU0MwODg2NC1zY2FsZWQuanBnIiwic2xpZGVzaG93IjoiMWJmZWE4MSJ9\" href=\"https:\/\/kristinaveit.com\/wp-content\/uploads\/2024\/10\/DSC08864-scaled.jpg\"><figure class=\"swiper-slide-inner\"><img decoding=\"async\" class=\"swiper-slide-image\" src=\"https:\/\/kristinaveit.com\/wp-content\/uploads\/elementor\/thumbs\/DSC08864-scaled-qw17svuuebsqoturgfq074f5sap42ips6zk3cw6a2w.jpg\" alt=\"DSC08864\" \/><\/figure><\/a><\/div><div class=\"swiper-slide\" role=\"group\" aria-roledescription=\"slide\" aria-label=\"4 von 10\" data-no-translation-aria-label=\"\"><a data-elementor-open-lightbox=\"yes\" data-elementor-lightbox-slideshow=\"1bfea81\" data-e-action-hash=\"#elementor-action%3Aaction%3Dlightbox%26settings%3DeyJpZCI6MTU1OSwidXJsIjoiaHR0cHM6XC9cL2tyaXN0aW5hdmVpdC5jb21cL3dwLWNvbnRlbnRcL3VwbG9hZHNcLzIwMjRcLzEwXC9EU0MwODQ1OC1zY2FsZWQuanBnIiwic2xpZGVzaG93IjoiMWJmZWE4MSJ9\" href=\"https:\/\/kristinaveit.com\/wp-content\/uploads\/2024\/10\/DSC08458-scaled.jpg\"><figure class=\"swiper-slide-inner\"><img decoding=\"async\" class=\"swiper-slide-image\" src=\"https:\/\/kristinaveit.com\/wp-content\/uploads\/elementor\/thumbs\/DSC08458-scaled-qw17sb6e7z0fleost6s7o9n0ptj1d6fos57est0xvs.jpg\" alt=\"DSC08458\" \/><\/figure><\/a><\/div><div class=\"swiper-slide\" role=\"group\" aria-roledescription=\"slide\" aria-label=\"5 von 10\" data-no-translation-aria-label=\"\"><a data-elementor-open-lightbox=\"yes\" data-elementor-lightbox-slideshow=\"1bfea81\" data-e-action-hash=\"#elementor-action%3Aaction%3Dlightbox%26settings%3DeyJpZCI6MTU2NiwidXJsIjoiaHR0cHM6XC9cL2tyaXN0aW5hdmVpdC5jb21cL3dwLWNvbnRlbnRcL3VwbG9hZHNcLzIwMjRcLzEwXC9EU0MwODkzMy1zY2FsZWQuanBnIiwic2xpZGVzaG93IjoiMWJmZWE4MSJ9\" href=\"https:\/\/kristinaveit.com\/wp-content\/uploads\/2024\/10\/DSC08933-scaled.jpg\"><figure class=\"swiper-slide-inner\"><img decoding=\"async\" class=\"swiper-slide-image\" src=\"https:\/\/kristinaveit.com\/wp-content\/uploads\/elementor\/thumbs\/DSC08933-scaled-qw17szm75nxvz9pauhcih3h05u6kxb4pji61a00pe0.jpg\" alt=\"DSC08933\" \/><\/figure><\/a><\/div><div class=\"swiper-slide\" role=\"group\" aria-roledescription=\"slide\" aria-label=\"6 von 10\" data-no-translation-aria-label=\"\"><a data-elementor-open-lightbox=\"yes\" data-elementor-lightbox-slideshow=\"1bfea81\" data-e-action-hash=\"#elementor-action%3Aaction%3Dlightbox%26settings%3DeyJpZCI6MTU2NywidXJsIjoiaHR0cHM6XC9cL2tyaXN0aW5hdmVpdC5jb21cL3dwLWNvbnRlbnRcL3VwbG9hZHNcLzIwMjRcLzEwXC9EU0MwOTExNC1zY2FsZWQuanBnIiwic2xpZGVzaG93IjoiMWJmZWE4MSJ9\" href=\"https:\/\/kristinaveit.com\/wp-content\/uploads\/2024\/10\/DSC09114-scaled.jpg\"><figure class=\"swiper-slide-inner\"><img decoding=\"async\" class=\"swiper-slide-image\" src=\"https:\/\/kristinaveit.com\/wp-content\/uploads\/elementor\/thumbs\/DSC09114-scaled-qw17t3djx0319pju8iz0r2iujdo1s3jmw0rz73v4p4.jpg\" alt=\"DSC09114\" \/><\/figure><\/a><\/div><div class=\"swiper-slide\" role=\"group\" aria-roledescription=\"slide\" aria-label=\"7 von 10\" data-no-translation-aria-label=\"\"><a data-elementor-open-lightbox=\"yes\" data-elementor-lightbox-slideshow=\"1bfea81\" data-e-action-hash=\"#elementor-action%3Aaction%3Dlightbox%26settings%3DeyJpZCI6MTU2MywidXJsIjoiaHR0cHM6XC9cL2tyaXN0aW5hdmVpdC5jb21cL3dwLWNvbnRlbnRcL3VwbG9hZHNcLzIwMjRcLzEwXC9EU0MwODY2NS1zY2FsZWQuanBnIiwic2xpZGVzaG93IjoiMWJmZWE4MSJ9\" href=\"https:\/\/kristinaveit.com\/wp-content\/uploads\/2024\/10\/DSC08665-scaled.jpg\"><figure class=\"swiper-slide-inner\"><img decoding=\"async\" class=\"swiper-slide-image\" src=\"https:\/\/kristinaveit.com\/wp-content\/uploads\/elementor\/thumbs\/DSC08665-scaled-qw17soc4vnig3y5oocgzn6bh17q6cxvxhyc7iohfgo.jpg\" alt=\"DSC08665\" \/><\/figure><\/a><\/div><div class=\"swiper-slide\" role=\"group\" aria-roledescription=\"slide\" aria-label=\"8 von 10\" data-no-translation-aria-label=\"\"><a data-elementor-open-lightbox=\"yes\" data-elementor-lightbox-slideshow=\"1bfea81\" data-e-action-hash=\"#elementor-action%3Aaction%3Dlightbox%26settings%3DeyJpZCI6MTU2MiwidXJsIjoiaHR0cHM6XC9cL2tyaXN0aW5hdmVpdC5jb21cL3dwLWNvbnRlbnRcL3VwbG9hZHNcLzIwMjRcLzEwXC9EU0MwODU2NC1zY2FsZWQuanBnIiwic2xpZGVzaG93IjoiMWJmZWE4MSJ9\" href=\"https:\/\/kristinaveit.com\/wp-content\/uploads\/2024\/10\/DSC08564-scaled.jpg\"><figure class=\"swiper-slide-inner\"><img decoding=\"async\" class=\"swiper-slide-image\" src=\"https:\/\/kristinaveit.com\/wp-content\/uploads\/elementor\/thumbs\/DSC08564-scaled-qw17skks4bdatib5aauhd79mno8pi5h05fq9lkn05k.jpg\" alt=\"DSC08564\" \/><\/figure><\/a><\/div><div class=\"swiper-slide\" role=\"group\" aria-roledescription=\"slide\" aria-label=\"9 von 10\" data-no-translation-aria-label=\"\"><a data-elementor-open-lightbox=\"yes\" data-elementor-lightbox-slideshow=\"1bfea81\" data-e-action-hash=\"#elementor-action%3Aaction%3Dlightbox%26settings%3DeyJpZCI6MTU2MSwidXJsIjoiaHR0cHM6XC9cL2tyaXN0aW5hdmVpdC5jb21cL3dwLWNvbnRlbnRcL3VwbG9hZHNcLzIwMjRcLzEwXC9EU0MwODQ2OC1zY2FsZWQuanBnIiwic2xpZGVzaG93IjoiMWJmZWE4MSJ9\" href=\"https:\/\/kristinaveit.com\/wp-content\/uploads\/2024\/10\/DSC08468-scaled.jpg\"><figure class=\"swiper-slide-inner\"><img decoding=\"async\" class=\"swiper-slide-image\" src=\"https:\/\/kristinaveit.com\/wp-content\/uploads\/elementor\/thumbs\/DSC08468-scaled-qw17sgtfcz85j2glw97z387sa4r8nd22sx4bogskug.jpg\" alt=\"DSC08468\" \/><\/figure><\/a><\/div><div class=\"swiper-slide\" role=\"group\" aria-roledescription=\"slide\" aria-label=\"10 von 10\" data-no-translation-aria-label=\"\"><a data-elementor-open-lightbox=\"yes\" data-elementor-lightbox-slideshow=\"1bfea81\" data-e-action-hash=\"#elementor-action%3Aaction%3Dlightbox%26settings%3DeyJpZCI6MTU1OCwidXJsIjoiaHR0cHM6XC9cL2tyaXN0aW5hdmVpdC5jb21cL3dwLWNvbnRlbnRcL3VwbG9hZHNcLzIwMjRcLzEwXC9EU0MwODI1MS1zY2FsZWQuanBnIiwic2xpZGVzaG93IjoiMWJmZWE4MSJ9\" href=\"https:\/\/kristinaveit.com\/wp-content\/uploads\/2024\/10\/DSC08251-scaled.jpg\"><figure class=\"swiper-slide-inner\"><img decoding=\"async\" class=\"swiper-slide-image\" src=\"https:\/\/kristinaveit.com\/wp-content\/uploads\/elementor\/thumbs\/DSC08251-scaled-qw17s7f1gmvaayu9f55peal6ca1kie0rfmlgvp6iko.jpg\" alt=\"DSC08251\" \/><\/figure><\/a><\/div>\t\t\t<\/div>\n\t\t\t\t\t\t\t\t\t\t\t\t<div class=\"elementor-swiper-button elementor-swiper-button-prev\" role=\"button\" tabindex=\"0\">\n\t\t\t\t\t\t<i aria-hidden=\"true\" class=\"eicon-chevron-left\"><\/i>\t\t\t\t\t<\/div>\n\t\t\t\t\t<div class=\"elementor-swiper-button elementor-swiper-button-next\" role=\"button\" tabindex=\"0\">\n\t\t\t\t\t\t<i aria-hidden=\"true\" class=\"eicon-chevron-right\"><\/i>\t\t\t\t\t<\/div>\n\t\t\t\t\n\t\t\t\t\t\t\t\t\t<\/div>\n\t\t\t\t\t\t<\/div>\n\t\t\t\t<\/div>\n\t\t\t\t\t<\/div>\n\t\t<\/div>\n\t\t\t\t\t<\/div>\n\t\t<\/section>\n\t\t\t\t\t<\/div>\n\t\t<\/div>\n\t\t\t\t\t<\/div>\n\t\t<\/section>\n\t\t\t\t<\/div>","protected":false},"excerpt":{"rendered":"<p>G\u00e4nge ins Geb\u00fcck Detailed information https:\/\/hecken-theater.de\/ \u00a0 von und mit: Friederike Thielmann, Jacob Bussmann, Jules Buchholtz, Florian Ackermann (Das Heckenprojekt)mit: Kristina Veit, Johanna Milz, Alexander Rischer \/\/ Mit den Stimmen von und Dank an: Revierf\u00f6rster Maximilian Kaller, Heimatarchivar Herbert Ujma, Naturparksleiter Andreas Wennemann und S\u00e4nger*innen aus der Region \/\/ Karte: Jonathan Schmidt-Colinet \/\/ Dank an: [&hellip;]<\/p>","protected":false},"author":1,"featured_media":0,"parent":0,"menu_order":0,"comment_status":"closed","ping_status":"closed","template":"","meta":{"site-sidebar-layout":"no-sidebar","site-content-layout":"page-builder","ast-site-content-layout":"default","site-content-style":"default","site-sidebar-style":"default","ast-global-header-display":"","ast-banner-title-visibility":"","ast-main-header-display":"","ast-hfb-above-header-display":"","ast-hfb-below-header-display":"","ast-hfb-mobile-header-display":"","site-post-title":"disabled","ast-breadcrumbs-content":"","ast-featured-img":"disabled","footer-sml-layout":"","theme-transparent-header-meta":"","adv-header-id-meta":"","stick-header-meta":"","header-above-stick-meta":"","header-main-stick-meta":"","header-below-stick-meta":"","astra-migrate-meta-layouts":"default","ast-page-background-enabled":"default","ast-page-background-meta":{"desktop":{"background-color":"var(--ast-global-color-4)","background-image":"","background-repeat":"repeat","background-position":"center center","background-size":"auto","background-attachment":"scroll","background-type":"","background-media":"","overlay-type":"","overlay-color":"","overlay-opacity":"","overlay-gradient":""},"tablet":{"background-color":"","background-image":"","background-repeat":"repeat","background-position":"center center","background-size":"auto","background-attachment":"scroll","background-type":"","background-media":"","overlay-type":"","overlay-color":"","overlay-opacity":"","overlay-gradient":""},"mobile":{"background-color":"","background-image":"","background-repeat":"repeat","background-position":"center center","background-size":"auto","background-attachment":"scroll","background-type":"","background-media":"","overlay-type":"","overlay-color":"","overlay-opacity":"","overlay-gradient":""}},"ast-content-background-meta":{"desktop":{"background-color":"var(--ast-global-color-5)","background-image":"","background-repeat":"repeat","background-position":"center center","background-size":"auto","background-attachment":"scroll","background-type":"","background-media":"","overlay-type":"","overlay-color":"","overlay-opacity":"","overlay-gradient":""},"tablet":{"background-color":"var(--ast-global-color-5)","background-image":"","background-repeat":"repeat","background-position":"center center","background-size":"auto","background-attachment":"scroll","background-type":"","background-media":"","overlay-type":"","overlay-color":"","overlay-opacity":"","overlay-gradient":""},"mobile":{"background-color":"var(--ast-global-color-5)","background-image":"","background-repeat":"repeat","background-position":"center center","background-size":"auto","background-attachment":"scroll","background-type":"","background-media":"","overlay-type":"","overlay-color":"","overlay-opacity":"","overlay-gradient":""}},"footnotes":""},"class_list":["post-1586","page","type-page","status-publish","hentry"],"aioseo_notices":[],"_links":{"self":[{"href":"https:\/\/kristinaveit.com\/de\/wp-json\/wp\/v2\/pages\/1586","targetHints":{"allow":["GET"]}}],"collection":[{"href":"https:\/\/kristinaveit.com\/de\/wp-json\/wp\/v2\/pages"}],"about":[{"href":"https:\/\/kristinaveit.com\/de\/wp-json\/wp\/v2\/types\/page"}],"author":[{"embeddable":true,"href":"https:\/\/kristinaveit.com\/de\/wp-json\/wp\/v2\/users\/1"}],"replies":[{"embeddable":true,"href":"https:\/\/kristinaveit.com\/de\/wp-json\/wp\/v2\/comments?post=1586"}],"version-history":[{"count":4,"href":"https:\/\/kristinaveit.com\/de\/wp-json\/wp\/v2\/pages\/1586\/revisions"}],"predecessor-version":[{"id":1590,"href":"https:\/\/kristinaveit.com\/de\/wp-json\/wp\/v2\/pages\/1586\/revisions\/1590"}],"wp:attachment":[{"href":"https:\/\/kristinaveit.com\/de\/wp-json\/wp\/v2\/media?parent=1586"}],"curies":[{"name":"wp","href":"https:\/\/api.w.org\/{rel}","templated":true}]}}